{"id":497,"date":"2020-11-27T19:49:46","date_gmt":"2020-11-27T18:49:46","guid":{"rendered":"http:\/\/infy-assurance.fr\/?page_id=497"},"modified":"2021-10-16T20:36:49","modified_gmt":"2021-10-16T18:36:49","slug":"mentions-legales","status":"publish","type":"page","link":"https:\/\/infy-assurance.fr\/?page_id=497","title":{"rendered":"Mentions l\u00e9gales"},"content":{"rendered":"\t\t<div data-elementor-type=\"wp-page\" data-elementor-id=\"497\" class=\"elementor elementor-497\">\n\t\t\t\t\t\t<section class=\"elementor-section elementor-top-section elementor-element elementor-element-a0eb606 elementor-section-boxed elementor-section-height-default elementor-section-height-default\" data-id=\"a0eb606\" data-element_type=\"section\" data-e-type=\"section\">\n\t\t\t\t\t\t<div class=\"elementor-container elementor-column-gap-default\">\n\t\t\t\t\t<div class=\"elementor-column elementor-col-100 elementor-top-column elementor-element elementor-element-198e25e\" data-id=\"198e25e\" data-element_type=\"column\" data-e-type=\"column\">\n\t\t\t<div class=\"elementor-widget-wrap elementor-element-populated\">\n\t\t\t\t\t\t<div class=\"elementor-element elementor-element-8bad552 elementor-widget elementor-widget-heading\" data-id=\"8bad552\" data-element_type=\"widget\" data-e-type=\"widget\" data-widget_type=\"heading.default\">\n\t\t\t\t<div class=\"elementor-widget-container\">\n\t\t\t\t\t<h2 class=\"elementor-heading-title elementor-size-default\">Mentions l\u00e9gales<\/h2>\t\t\t\t<\/div>\n\t\t\t\t<\/div>\n\t\t\t\t\t<\/div>\n\t\t<\/div>\n\t\t\t\t\t<\/div>\n\t\t<\/section>\n\t\t\t\t<section class=\"elementor-section elementor-top-section elementor-element elementor-element-9dc05cd elementor-section-boxed elementor-section-height-default elementor-section-height-default\" data-id=\"9dc05cd\" data-element_type=\"section\" data-e-type=\"section\">\n\t\t\t\t\t\t<div class=\"elementor-container elementor-column-gap-default\">\n\t\t\t\t\t<div class=\"elementor-column elementor-col-100 elementor-top-column elementor-element elementor-element-1f411b3\" data-id=\"1f411b3\" data-element_type=\"column\" data-e-type=\"column\">\n\t\t\t<div class=\"elementor-widget-wrap elementor-element-populated\">\n\t\t\t\t\t\t<div class=\"elementor-element elementor-element-3336f83 elementor-align-start elementor-icon-list--layout-traditional elementor-list-item-link-full_width elementor-widget elementor-widget-icon-list\" data-id=\"3336f83\" data-element_type=\"widget\" data-e-type=\"widget\" data-widget_type=\"icon-list.default\">\n\t\t\t\t<div class=\"elementor-widget-container\">\n\t\t\t\t\t\t\t<ul class=\"elementor-icon-list-items\">\n\t\t\t\t\t\t\t<li class=\"elementor-icon-list-item\">\n\t\t\t\t\t\t\t\t\t\t\t<span class=\"elementor-icon-list-icon\">\n\t\t\t\t\t\t\t<i aria-hidden=\"true\" class=\"fas fa-id-card-alt\"><\/i>\t\t\t\t\t\t<\/span>\n\t\t\t\t\t\t\t\t\t\t<span class=\"elementor-icon-list-text\">Editeur du site : Fr\u00e9d\u00e9ric RABY - Courtier en assurances<\/span>\n\t\t\t\t\t\t\t\t\t<\/li>\n\t\t\t\t\t\t\t\t<li class=\"elementor-icon-list-item\">\n\t\t\t\t\t\t\t\t\t\t\t<span class=\"elementor-icon-list-icon\">\n\t\t\t\t\t\t\t<i aria-hidden=\"true\" class=\"fas fa-home\"><\/i>\t\t\t\t\t\t<\/span>\n\t\t\t\t\t\t\t\t\t\t<span class=\"elementor-icon-list-text\">22 Bis route de Kervingu - 56400 PLUNERET<\/span>\n\t\t\t\t\t\t\t\t\t<\/li>\n\t\t\t\t\t\t\t\t<li class=\"elementor-icon-list-item\">\n\t\t\t\t\t\t\t\t\t\t\t<span class=\"elementor-icon-list-icon\">\n\t\t\t\t\t\t\t<i aria-hidden=\"true\" class=\"fas fa-envelope\"><\/i>\t\t\t\t\t\t<\/span>\n\t\t\t\t\t\t\t\t\t\t<span class=\"elementor-icon-list-text\">contact@infy-assurance.fr<\/span>\n\t\t\t\t\t\t\t\t\t<\/li>\n\t\t\t\t\t\t\t\t<li class=\"elementor-icon-list-item\">\n\t\t\t\t\t\t\t\t\t\t\t<span class=\"elementor-icon-list-icon\">\n\t\t\t\t\t\t\t<i aria-hidden=\"true\" class=\"fas fa-phone-square\"><\/i>\t\t\t\t\t\t<\/span>\n\t\t\t\t\t\t\t\t\t\t<span class=\"elementor-icon-list-text\">06 13 82 57 85<\/span>\n\t\t\t\t\t\t\t\t\t<\/li>\n\t\t\t\t\t\t\t\t<li class=\"elementor-icon-list-item\">\n\t\t\t\t\t\t\t\t\t\t\t<span class=\"elementor-icon-list-icon\">\n\t\t\t\t\t\t\t<i aria-hidden=\"true\" class=\"fas fa-photo-video\"><\/i>\t\t\t\t\t\t<\/span>\n\t\t\t\t\t\t\t\t\t\t<span class=\"elementor-icon-list-text\">Directeur de publication : Fr\u00e9d\u00e9ric RABY<\/span>\n\t\t\t\t\t\t\t\t\t<\/li>\n\t\t\t\t\t\t\t\t<li class=\"elementor-icon-list-item\">\n\t\t\t\t\t\t\t\t\t\t\t<span class=\"elementor-icon-list-icon\">\n\t\t\t\t\t\t\t<i aria-hidden=\"true\" class=\"fab fa-internet-explorer\"><\/i>\t\t\t\t\t\t<\/span>\n\t\t\t\t\t\t\t\t\t\t<span class=\"elementor-icon-list-text\">H\u00e9bergeur du site : OVH - Si\u00e8ge social : 2 rue Kellermann - 59100 Roubaix - France<\/span>\n\t\t\t\t\t\t\t\t\t<\/li>\n\t\t\t\t\t\t<\/ul>\n\t\t\t\t\t\t<\/div>\n\t\t\t\t<\/div>\n\t\t\t\t<div class=\"elementor-element elementor-element-87b54fc elementor-align-start elementor-icon-list--layout-traditional elementor-list-item-link-full_width elementor-widget elementor-widget-icon-list\" data-id=\"87b54fc\" data-element_type=\"widget\" data-e-type=\"widget\" data-widget_type=\"icon-list.default\">\n\t\t\t\t<div class=\"elementor-widget-container\">\n\t\t\t\t\t\t\t<ul class=\"elementor-icon-list-items\">\n\t\t\t\t\t\t\t<li class=\"elementor-icon-list-item\">\n\t\t\t\t\t\t\t\t\t\t\t<span class=\"elementor-icon-list-icon\">\n\t\t\t\t\t\t\t<i aria-hidden=\"true\" class=\"fas fa-balance-scale\"><\/i>\t\t\t\t\t\t<\/span>\n\t\t\t\t\t\t\t\t\t\t<span class=\"elementor-icon-list-text\">Activit\u00e9 r\u00e9gie par le Code des Assurances. L\u2019autorit\u00e9 comp\u00e9tente est l\u2019Autorit\u00e9 de Contr\u00f4le Prudentiel et de R\u00e9solution (ACPR), 4 place de Budapest CS 92459 75436 Paris CEDEX 09 (www.acpr.banque-france.fr). <\/span>\n\t\t\t\t\t\t\t\t\t<\/li>\n\t\t\t\t\t\t<\/ul>\n\t\t\t\t\t\t<\/div>\n\t\t\t\t<\/div>\n\t\t\t\t<div class=\"elementor-element elementor-element-ab250c7 elementor-align-start elementor-icon-list--layout-traditional elementor-list-item-link-full_width elementor-widget elementor-widget-icon-list\" data-id=\"ab250c7\" data-element_type=\"widget\" data-e-type=\"widget\" data-widget_type=\"icon-list.default\">\n\t\t\t\t<div class=\"elementor-widget-container\">\n\t\t\t\t\t\t\t<ul class=\"elementor-icon-list-items\">\n\t\t\t\t\t\t\t<li class=\"elementor-icon-list-item\">\n\t\t\t\t\t\t\t\t\t\t\t<span class=\"elementor-icon-list-icon\">\n\t\t\t\t\t\t\t<i aria-hidden=\"true\" class=\"fas fa-balance-scale\"><\/i>\t\t\t\t\t\t<\/span>\n\t\t\t\t\t\t\t\t\t\t<span class=\"elementor-icon-list-text\">Num\u00e9ro d'inscription au Registre du Commerce et des Soci\u00e9t\u00e9s : 501695852 R.C.S. LORIENT<\/span>\n\t\t\t\t\t\t\t\t\t<\/li>\n\t\t\t\t\t\t\t\t<li class=\"elementor-icon-list-item\">\n\t\t\t\t\t\t\t\t\t\t\t<span class=\"elementor-icon-list-icon\">\n\t\t\t\t\t\t\t<i aria-hidden=\"true\" class=\"fas fa-balance-scale\"><\/i>\t\t\t\t\t\t<\/span>\n\t\t\t\t\t\t\t\t\t\t<span class=\"elementor-icon-list-text\">Registre Unique des Interm\u00e9diaires en Assurance, Banque et Finance : V\u00e9rifiable sur www.orias.fr<\/span>\n\t\t\t\t\t\t\t\t\t<\/li>\n\t\t\t\t\t\t<\/ul>\n\t\t\t\t\t\t<\/div>\n\t\t\t\t<\/div>\n\t\t\t\t<div class=\"elementor-element elementor-element-ec9a35d elementor-align-start elementor-icon-list--layout-traditional elementor-list-item-link-full_width elementor-widget elementor-widget-icon-list\" data-id=\"ec9a35d\" data-element_type=\"widget\" data-e-type=\"widget\" data-widget_type=\"icon-list.default\">\n\t\t\t\t<div class=\"elementor-widget-container\">\n\t\t\t\t\t\t\t<ul class=\"elementor-icon-list-items\">\n\t\t\t\t\t\t\t<li class=\"elementor-icon-list-item\">\n\t\t\t\t\t\t\t\t\t\t\t<span class=\"elementor-icon-list-icon\">\n\t\t\t\t\t\t\t<i aria-hidden=\"true\" class=\"fas fa-balance-scale\"><\/i>\t\t\t\t\t\t<\/span>\n\t\t\t\t\t\t\t\t\t\t<span class=\"elementor-icon-list-text\">Fr\u00e9d\u00e9ric RABY n\u2019est pas soumis \u00e0 une obligation contractuelle de travailler exclusivement avec une ou plusieurs compagnies d\u2019assurance mais son analyse se fonde sur un nombre restreint de contrats d\u2019assurances pr\u00e9sents sur le march\u00e9. Ses partenaires assureurs sont : APRIL, ALPTIS, AXA, APIVIA, LE FINISTERE, SWISSLIFE, HELVETIA, ALBINGIA, AIRBAG, ENTORIA, SAMBO, ZEPHIR, I ASSURANCE, AMI 3F, +SIMPLE, NETVOX, ACTUDATA, NEOLIANE.<\/span>\n\t\t\t\t\t\t\t\t\t<\/li>\n\t\t\t\t\t\t<\/ul>\n\t\t\t\t\t\t<\/div>\n\t\t\t\t<\/div>\n\t\t\t\t\t<\/div>\n\t\t<\/div>\n\t\t\t\t\t<\/div>\n\t\t<\/section>\n\t\t\t\t<section class=\"elementor-section elementor-top-section elementor-element elementor-element-600873e elementor-section-boxed elementor-section-height-default elementor-section-height-default\" data-id=\"600873e\" data-element_type=\"section\" data-e-type=\"section\">\n\t\t\t\t\t\t<div class=\"elementor-container elementor-column-gap-default\">\n\t\t\t\t\t<div class=\"elementor-column elementor-col-100 elementor-top-column elementor-element elementor-element-6a6b27a\" data-id=\"6a6b27a\" data-element_type=\"column\" data-e-type=\"column\">\n\t\t\t<div class=\"elementor-widget-wrap elementor-element-populated\">\n\t\t\t\t\t\t<div class=\"elementor-element elementor-element-80e12d5 elementor-widget elementor-widget-image\" data-id=\"80e12d5\" data-element_type=\"widget\" data-e-type=\"widget\" data-widget_type=\"image.default\">\n\t\t\t\t<div class=\"elementor-widget-container\">\n\t\t\t\t\t\t\t\t\t\t\t\t\t\t\t<img decoding=\"async\" width=\"300\" height=\"36\" src=\"https:\/\/infy-assurance.fr\/wp-content\/uploads\/2020\/11\/orias-300x36.png\" class=\"attachment-medium size-medium wp-image-405\" alt=\"\" srcset=\"https:\/\/infy-assurance.fr\/wp-content\/uploads\/2020\/11\/orias-300x36.png 300w, https:\/\/infy-assurance.fr\/wp-content\/uploads\/2020\/11\/orias.png 413w\" sizes=\"(max-width: 300px) 100vw, 300px\" \/>\t\t\t\t\t\t\t\t\t\t\t\t\t\t\t<\/div>\n\t\t\t\t<\/div>\n\t\t\t\t<div class=\"elementor-element elementor-element-b99af26 elementor-align-start elementor-icon-list--layout-traditional elementor-list-item-link-full_width elementor-widget elementor-widget-icon-list\" data-id=\"b99af26\" data-element_type=\"widget\" data-e-type=\"widget\" data-widget_type=\"icon-list.default\">\n\t\t\t\t<div class=\"elementor-widget-container\">\n\t\t\t\t\t\t\t<ul class=\"elementor-icon-list-items\">\n\t\t\t\t\t\t\t<li class=\"elementor-icon-list-item\">\n\t\t\t\t\t\t\t\t\t\t\t<span class=\"elementor-icon-list-icon\">\n\t\t\t\t\t\t\t<i aria-hidden=\"true\" class=\"fas fa-balance-scale\"><\/i>\t\t\t\t\t\t<\/span>\n\t\t\t\t\t\t\t\t\t\t<span class=\"elementor-icon-list-text\">En cas de r\u00e9clamation vous pouvez vous adresser \u00e0 contact@infy-assurance.fr ou vous adresser au service de m\u00e9diation : le M\u00e9diateur de l\u2019Assurance est comp\u00e9tent pour intervenir sur tout litige n\u2019ayant pu \u00eatre r\u00e9gl\u00e9 dans le cadre d'une r\u00e9clamation pr\u00e9alable directement adress\u00e9e \u00e0 votre courtier. Il peut \u00eatre saisi par l\u2019un quelconque des moyens suivants : La M\u00e9diation de l\u2019Assurance, Pole CSCA, TSA 50110 75441 Paris Cedex 09 ou le.mediateur@mediation-assurance.org<\/span>\n\t\t\t\t\t\t\t\t\t<\/li>\n\t\t\t\t\t\t<\/ul>\n\t\t\t\t\t\t<\/div>\n\t\t\t\t<\/div>\n\t\t\t\t\t<\/div>\n\t\t<\/div>\n\t\t\t\t\t<\/div>\n\t\t<\/section>\n\t\t\t\t<section class=\"elementor-section elementor-top-section elementor-element elementor-element-6e1fd3a elementor-section-boxed elementor-section-height-default elementor-section-height-default\" data-id=\"6e1fd3a\" data-element_type=\"section\" data-e-type=\"section\">\n\t\t\t\t\t\t<div class=\"elementor-container elementor-column-gap-default\">\n\t\t\t\t\t\t<\/div>\n\t\t<\/section>\n\t\t\t\t<section class=\"elementor-section elementor-top-section elementor-element elementor-element-452a7aa elementor-section-boxed elementor-section-height-default elementor-section-height-default\" data-id=\"452a7aa\" data-element_type=\"section\" data-e-type=\"section\">\n\t\t\t\t\t\t<div class=\"elementor-container elementor-column-gap-default\">\n\t\t\t\t\t<div class=\"elementor-column elementor-col-100 elementor-top-column elementor-element elementor-element-76db2e3\" data-id=\"76db2e3\" data-element_type=\"column\" data-e-type=\"column\">\n\t\t\t<div class=\"elementor-widget-wrap elementor-element-populated\">\n\t\t\t\t\t\t<div class=\"elementor-element elementor-element-e38a19e elementor-align-start elementor-icon-list--layout-traditional elementor-list-item-link-full_width elementor-widget elementor-widget-icon-list\" data-id=\"e38a19e\" data-element_type=\"widget\" data-e-type=\"widget\" data-widget_type=\"icon-list.default\">\n\t\t\t\t<div class=\"elementor-widget-container\">\n\t\t\t\t\t\t\t<ul class=\"elementor-icon-list-items\">\n\t\t\t\t\t\t\t<li class=\"elementor-icon-list-item\">\n\t\t\t\t\t\t\t\t\t\t\t<span class=\"elementor-icon-list-icon\">\n\t\t\t\t\t\t\t<i aria-hidden=\"true\" class=\"fas fa-cookie-bite\"><\/i>\t\t\t\t\t\t<\/span>\n\t\t\t\t\t\t\t\t\t\t<span class=\"elementor-icon-list-text\">Cookies : ce site n'utilise pas de cookie pour son fonctionnement<\/span>\n\t\t\t\t\t\t\t\t\t<\/li>\n\t\t\t\t\t\t<\/ul>\n\t\t\t\t\t\t<\/div>\n\t\t\t\t<\/div>\n\t\t\t\t<div class=\"elementor-element elementor-element-a5e80d7 elementor-align-start elementor-icon-list--layout-traditional elementor-list-item-link-full_width elementor-widget elementor-widget-icon-list\" data-id=\"a5e80d7\" data-element_type=\"widget\" data-e-type=\"widget\" data-widget_type=\"icon-list.default\">\n\t\t\t\t<div class=\"elementor-widget-container\">\n\t\t\t\t\t\t\t<ul class=\"elementor-icon-list-items\">\n\t\t\t\t\t\t\t<li class=\"elementor-icon-list-item\">\n\t\t\t\t\t\t\t\t\t\t\t<span class=\"elementor-icon-list-icon\">\n\t\t\t\t\t\t\t<i aria-hidden=\"true\" class=\"fas fa-compact-disc\"><\/i>\t\t\t\t\t\t<\/span>\n\t\t\t\t\t\t\t\t\t\t<span class=\"elementor-icon-list-text\">Protection des donn\u00e9es \u00e0 caract\u00e8re personnel : Conform\u00e9ment au R\u00e8glement (UE) 2016\/679 du Parlement europ\u00e9en et du Conseil du 27 avril 2016, et \u00e0 la Loi \u00ab Informatique et Libert\u00e9s \u00bb n\u00b078-17 du 6 janvier 1978 modifi\u00e9e, Fr\u00e9d\u00e9ric RABY vous informe que vos informations personnelles font l\u2019objet d\u2019un traitement informatis\u00e9. En tant que responsable de traitement, Fr\u00e9d\u00e9ric RABY les utilise pour vous fournir un service de comparaison tarifaire, vous apporter un conseil personnalis\u00e9 dans le cadre de l\u2019\u00e9tude de vos besoins en assurance, permettre l\u2019\u00e9tablissement de devis par les assureurs retenus et l\u2019envoi de devis pour les offres des assureurs partenaires s\u00e9lectionn\u00e9s, assurer un suivi des dossiers.<\/span>\n\t\t\t\t\t\t\t\t\t<\/li>\n\t\t\t\t\t\t<\/ul>\n\t\t\t\t\t\t<\/div>\n\t\t\t\t<\/div>\n\t\t\t\t\t<\/div>\n\t\t<\/div>\n\t\t\t\t<div class=\"elementor-column elementor-col-100 elementor-top-column elementor-element elementor-element-4d92216\" data-id=\"4d92216\" data-element_type=\"column\" data-e-type=\"column\">\n\t\t\t<div class=\"elementor-widget-wrap elementor-element-populated\">\n\t\t\t\t\t\t<div class=\"elementor-element elementor-element-6d6bd63 elementor-shape-rounded elementor-grid-0 e-grid-align-center elementor-widget elementor-widget-social-icons\" data-id=\"6d6bd63\" data-element_type=\"widget\" data-e-type=\"widget\" data-widget_type=\"social-icons.default\">\n\t\t\t\t<div class=\"elementor-widget-container\">\n\t\t\t\t\t\t\t<div class=\"elementor-social-icons-wrapper elementor-grid\" role=\"list\">\n\t\t\t\t\t\t\t<span class=\"elementor-grid-item\" role=\"listitem\">\n\t\t\t\t\t<a class=\"elementor-icon elementor-social-icon elementor-social-icon-facebook elementor-repeater-item-6836ab0\" target=\"_blank\">\n\t\t\t\t\t\t<span class=\"elementor-screen-only\">Facebook<\/span>\n\t\t\t\t\t\t<i aria-hidden=\"true\" class=\"fab fa-facebook\"><\/i>\t\t\t\t\t<\/a>\n\t\t\t\t<\/span>\n\t\t\t\t\t\t\t<span class=\"elementor-grid-item\" role=\"listitem\">\n\t\t\t\t\t<a class=\"elementor-icon elementor-social-icon elementor-social-icon-twitter elementor-repeater-item-106a700\" target=\"_blank\">\n\t\t\t\t\t\t<span class=\"elementor-screen-only\">Twitter<\/span>\n\t\t\t\t\t\t<i aria-hidden=\"true\" class=\"fab fa-twitter\"><\/i>\t\t\t\t\t<\/a>\n\t\t\t\t<\/span>\n\t\t\t\t\t\t\t<span class=\"elementor-grid-item\" role=\"listitem\">\n\t\t\t\t\t<a class=\"elementor-icon elementor-social-icon elementor-social-icon-youtube elementor-repeater-item-00f976d\" target=\"_blank\">\n\t\t\t\t\t\t<span class=\"elementor-screen-only\">Youtube<\/span>\n\t\t\t\t\t\t<i aria-hidden=\"true\" class=\"fab fa-youtube\"><\/i>\t\t\t\t\t<\/a>\n\t\t\t\t<\/span>\n\t\t\t\t\t<\/div>\n\t\t\t\t\t\t<\/div>\n\t\t\t\t<\/div>\n\t\t\t\t\t<\/div>\n\t\t<\/div>\n\t\t\t\t\t<\/div>\n\t\t<\/section>\n\t\t\t\t<section class=\"elementor-section elementor-top-section elementor-element elementor-element-4d5dacf elementor-section-boxed elementor-section-height-default elementor-section-height-default\" data-id=\"4d5dacf\" data-element_type=\"section\" data-e-type=\"section\">\n\t\t\t\t\t\t<div class=\"elementor-container elementor-column-gap-default\">\n\t\t\t\t\t<div class=\"elementor-column elementor-col-100 elementor-top-column elementor-element elementor-element-60cf112\" data-id=\"60cf112\" data-element_type=\"column\" data-e-type=\"column\">\n\t\t\t<div class=\"elementor-widget-wrap\">\n\t\t\t\t\t\t\t<\/div>\n\t\t<\/div>\n\t\t\t\t\t<\/div>\n\t\t<\/section>\n\t\t\t\t<\/div>\n\t\t","protected":false},"excerpt":{"rendered":"<p>Mentions l\u00e9gales Editeur du site : Fr\u00e9d\u00e9ric RABY &#8211; Courtier en assurances 22 Bis route de Kervingu &#8211; 56400 PLUNERET [&hellip;]<\/p>\n","protected":false},"author":1,"featured_media":0,"parent":0,"menu_order":0,"comment_status":"closed","ping_status":"closed","template":"template-full-width.php","meta":{"footnotes":""},"class_list":["post-497","page","type-page","status-publish","hentry"],"yoast_head":"<!-- This site is optimized with the Yoast SEO plugin v27.1.1 - https:\/\/yoast.com\/product\/yoast-seo-wordpress\/ -->\n<title>Mentions l\u00e9gales - Infy Assurance<\/title>\n<meta name=\"robots\" content=\"index, follow, max-snippet:-1, max-image-preview:large, max-video-preview:-1\" \/>\n<link rel=\"canonical\" href=\"https:\/\/infy-assurance.fr\/?page_id=497\" \/>\n<meta property=\"og:locale\" content=\"fr_FR\" \/>\n<meta property=\"og:type\" content=\"article\" \/>\n<meta property=\"og:title\" content=\"Mentions l\u00e9gales - Infy Assurance\" \/>\n<meta property=\"og:description\" content=\"Mentions l\u00e9gales Editeur du site : Fr\u00e9d\u00e9ric RABY &#8211; Courtier en assurances 22 Bis route de Kervingu &#8211; 56400 PLUNERET [&hellip;]\" \/>\n<meta property=\"og:url\" content=\"https:\/\/infy-assurance.fr\/?page_id=497\" \/>\n<meta property=\"og:site_name\" content=\"Infy Assurance\" \/>\n<meta property=\"article:publisher\" content=\"https:\/\/www.facebook.com\/infyassurance\" \/>\n<meta property=\"article:modified_time\" content=\"2021-10-16T18:36:49+00:00\" \/>\n<meta property=\"og:image\" content=\"https:\/\/infy-assurance.fr\/wp-content\/uploads\/2020\/11\/orias-300x36.png\" \/>\n<meta name=\"twitter:card\" content=\"summary_large_image\" \/>\n<meta name=\"twitter:label1\" content=\"Dur\u00e9e de lecture estim\u00e9e\" \/>\n\t<meta name=\"twitter:data1\" content=\"2 minutes\" \/>\n<script type=\"application\/ld+json\" class=\"yoast-schema-graph\">{\"@context\":\"https:\/\/schema.org\",\"@graph\":[{\"@type\":\"WebPage\",\"@id\":\"https:\/\/infy-assurance.fr\/?page_id=497\",\"url\":\"https:\/\/infy-assurance.fr\/?page_id=497\",\"name\":\"Mentions l\u00e9gales - Infy Assurance\",\"isPartOf\":{\"@id\":\"https:\/\/infy-assurance.fr\/#website\"},\"primaryImageOfPage\":{\"@id\":\"https:\/\/infy-assurance.fr\/?page_id=497#primaryimage\"},\"image\":{\"@id\":\"https:\/\/infy-assurance.fr\/?page_id=497#primaryimage\"},\"thumbnailUrl\":\"https:\/\/infy-assurance.fr\/wp-content\/uploads\/2020\/11\/orias-300x36.png\",\"datePublished\":\"2020-11-27T18:49:46+00:00\",\"dateModified\":\"2021-10-16T18:36:49+00:00\",\"breadcrumb\":{\"@id\":\"https:\/\/infy-assurance.fr\/?page_id=497#breadcrumb\"},\"inLanguage\":\"fr-FR\",\"potentialAction\":[{\"@type\":\"ReadAction\",\"target\":[\"https:\/\/infy-assurance.fr\/?page_id=497\"]}]},{\"@type\":\"ImageObject\",\"inLanguage\":\"fr-FR\",\"@id\":\"https:\/\/infy-assurance.fr\/?page_id=497#primaryimage\",\"url\":\"https:\/\/infy-assurance.fr\/wp-content\/uploads\/2020\/11\/orias.png\",\"contentUrl\":\"https:\/\/infy-assurance.fr\/wp-content\/uploads\/2020\/11\/orias.png\",\"width\":413,\"height\":50},{\"@type\":\"BreadcrumbList\",\"@id\":\"https:\/\/infy-assurance.fr\/?page_id=497#breadcrumb\",\"itemListElement\":[{\"@type\":\"ListItem\",\"position\":1,\"name\":\"Accueil\",\"item\":\"https:\/\/infy-assurance.fr\/\"},{\"@type\":\"ListItem\",\"position\":2,\"name\":\"Mentions l\u00e9gales\"}]},{\"@type\":\"WebSite\",\"@id\":\"https:\/\/infy-assurance.fr\/#website\",\"url\":\"https:\/\/infy-assurance.fr\/\",\"name\":\"Infy Assurance\",\"description\":\"L&#039;assurance de vos projets\",\"publisher\":{\"@id\":\"https:\/\/infy-assurance.fr\/#organization\"},\"potentialAction\":[{\"@type\":\"SearchAction\",\"target\":{\"@type\":\"EntryPoint\",\"urlTemplate\":\"https:\/\/infy-assurance.fr\/?s={search_term_string}\"},\"query-input\":{\"@type\":\"PropertyValueSpecification\",\"valueRequired\":true,\"valueName\":\"search_term_string\"}}],\"inLanguage\":\"fr-FR\"},{\"@type\":\"Organization\",\"@id\":\"https:\/\/infy-assurance.fr\/#organization\",\"name\":\"Infy Assurance\",\"url\":\"https:\/\/infy-assurance.fr\/\",\"logo\":{\"@type\":\"ImageObject\",\"inLanguage\":\"fr-FR\",\"@id\":\"https:\/\/infy-assurance.fr\/#\/schema\/logo\/image\/\",\"url\":\"https:\/\/infy-assurance.fr\/wp-content\/uploads\/2020\/11\/logo-infy-reduit-3.png\",\"contentUrl\":\"https:\/\/infy-assurance.fr\/wp-content\/uploads\/2020\/11\/logo-infy-reduit-3.png\",\"width\":100,\"height\":130,\"caption\":\"Infy Assurance\"},\"image\":{\"@id\":\"https:\/\/infy-assurance.fr\/#\/schema\/logo\/image\/\"},\"sameAs\":[\"https:\/\/www.facebook.com\/infyassurance\"]}]}<\/script>\n<!-- \/ Yoast SEO plugin. -->","yoast_head_json":{"title":"Mentions l\u00e9gales - Infy Assurance","robots":{"index":"index","follow":"follow","max-snippet":"max-snippet:-1","max-image-preview":"max-image-preview:large","max-video-preview":"max-video-preview:-1"},"canonical":"https:\/\/infy-assurance.fr\/?page_id=497","og_locale":"fr_FR","og_type":"article","og_title":"Mentions l\u00e9gales - Infy Assurance","og_description":"Mentions l\u00e9gales Editeur du site : Fr\u00e9d\u00e9ric RABY &#8211; Courtier en assurances 22 Bis route de Kervingu &#8211; 56400 PLUNERET [&hellip;]","og_url":"https:\/\/infy-assurance.fr\/?page_id=497","og_site_name":"Infy Assurance","article_publisher":"https:\/\/www.facebook.com\/infyassurance","article_modified_time":"2021-10-16T18:36:49+00:00","og_image":[{"url":"https:\/\/infy-assurance.fr\/wp-content\/uploads\/2020\/11\/orias-300x36.png","type":"","width":"","height":""}],"twitter_card":"summary_large_image","twitter_misc":{"Dur\u00e9e de lecture estim\u00e9e":"2 minutes"},"schema":{"@context":"https:\/\/schema.org","@graph":[{"@type":"WebPage","@id":"https:\/\/infy-assurance.fr\/?page_id=497","url":"https:\/\/infy-assurance.fr\/?page_id=497","name":"Mentions l\u00e9gales - Infy Assurance","isPartOf":{"@id":"https:\/\/infy-assurance.fr\/#website"},"primaryImageOfPage":{"@id":"https:\/\/infy-assurance.fr\/?page_id=497#primaryimage"},"image":{"@id":"https:\/\/infy-assurance.fr\/?page_id=497#primaryimage"},"thumbnailUrl":"https:\/\/infy-assurance.fr\/wp-content\/uploads\/2020\/11\/orias-300x36.png","datePublished":"2020-11-27T18:49:46+00:00","dateModified":"2021-10-16T18:36:49+00:00","breadcrumb":{"@id":"https:\/\/infy-assurance.fr\/?page_id=497#breadcrumb"},"inLanguage":"fr-FR","potentialAction":[{"@type":"ReadAction","target":["https:\/\/infy-assurance.fr\/?page_id=497"]}]},{"@type":"ImageObject","inLanguage":"fr-FR","@id":"https:\/\/infy-assurance.fr\/?page_id=497#primaryimage","url":"https:\/\/infy-assurance.fr\/wp-content\/uploads\/2020\/11\/orias.png","contentUrl":"https:\/\/infy-assurance.fr\/wp-content\/uploads\/2020\/11\/orias.png","width":413,"height":50},{"@type":"BreadcrumbList","@id":"https:\/\/infy-assurance.fr\/?page_id=497#breadcrumb","itemListElement":[{"@type":"ListItem","position":1,"name":"Accueil","item":"https:\/\/infy-assurance.fr\/"},{"@type":"ListItem","position":2,"name":"Mentions l\u00e9gales"}]},{"@type":"WebSite","@id":"https:\/\/infy-assurance.fr\/#website","url":"https:\/\/infy-assurance.fr\/","name":"Infy Assurance","description":"L&#039;assurance de vos projets","publisher":{"@id":"https:\/\/infy-assurance.fr\/#organization"},"potentialAction":[{"@type":"SearchAction","target":{"@type":"EntryPoint","urlTemplate":"https:\/\/infy-assurance.fr\/?s={search_term_string}"},"query-input":{"@type":"PropertyValueSpecification","valueRequired":true,"valueName":"search_term_string"}}],"inLanguage":"fr-FR"},{"@type":"Organization","@id":"https:\/\/infy-assurance.fr\/#organization","name":"Infy Assurance","url":"https:\/\/infy-assurance.fr\/","logo":{"@type":"ImageObject","inLanguage":"fr-FR","@id":"https:\/\/infy-assurance.fr\/#\/schema\/logo\/image\/","url":"https:\/\/infy-assurance.fr\/wp-content\/uploads\/2020\/11\/logo-infy-reduit-3.png","contentUrl":"https:\/\/infy-assurance.fr\/wp-content\/uploads\/2020\/11\/logo-infy-reduit-3.png","width":100,"height":130,"caption":"Infy Assurance"},"image":{"@id":"https:\/\/infy-assurance.fr\/#\/schema\/logo\/image\/"},"sameAs":["https:\/\/www.facebook.com\/infyassurance"]}]}},"_links":{"self":[{"href":"https:\/\/infy-assurance.fr\/index.php?rest_route=\/wp\/v2\/pages\/497","targetHints":{"allow":["GET"]}}],"collection":[{"href":"https:\/\/infy-assurance.fr\/index.php?rest_route=\/wp\/v2\/pages"}],"about":[{"href":"https:\/\/infy-assurance.fr\/index.php?rest_route=\/wp\/v2\/types\/page"}],"author":[{"embeddable":true,"href":"https:\/\/infy-assurance.fr\/index.php?rest_route=\/wp\/v2\/users\/1"}],"replies":[{"embeddable":true,"href":"https:\/\/infy-assurance.fr\/index.php?rest_route=%2Fwp%2Fv2%2Fcomments&post=497"}],"version-history":[{"count":64,"href":"https:\/\/infy-assurance.fr\/index.php?rest_route=\/wp\/v2\/pages\/497\/revisions"}],"predecessor-version":[{"id":732,"href":"https:\/\/infy-assurance.fr\/index.php?rest_route=\/wp\/v2\/pages\/497\/revisions\/732"}],"wp:attachment":[{"href":"https:\/\/infy-assurance.fr\/index.php?rest_route=%2Fwp%2Fv2%2Fmedia&parent=497"}],"curies":[{"name":"wp","href":"https:\/\/api.w.org\/{rel}","templated":true}]}}