{"id":577,"date":"2021-01-11T16:02:24","date_gmt":"2021-01-11T15:02:24","guid":{"rendered":"https:\/\/infy-assurance.fr\/?page_id=577"},"modified":"2021-11-27T20:22:48","modified_gmt":"2021-11-27T19:22:48","slug":"page-sante-senior","status":"publish","type":"page","link":"https:\/\/infy-assurance.fr\/?page_id=577","title":{"rendered":"Page sant\u00e9 senior"},"content":{"rendered":"\t\t<div data-elementor-type=\"wp-page\" data-elementor-id=\"577\" class=\"elementor elementor-577\">\n\t\t\t\t\t\t<section class=\"elementor-section elementor-top-section elementor-element elementor-element-a0eb606 elementor-section-boxed elementor-section-height-default elementor-section-height-default\" data-id=\"a0eb606\" data-element_type=\"section\" data-e-type=\"section\">\n\t\t\t\t\t\t<div class=\"elementor-container elementor-column-gap-default\">\n\t\t\t\t\t<div class=\"elementor-column elementor-col-100 elementor-top-column elementor-element elementor-element-198e25e\" data-id=\"198e25e\" data-element_type=\"column\" data-e-type=\"column\">\n\t\t\t<div class=\"elementor-widget-wrap elementor-element-populated\">\n\t\t\t\t\t\t<div class=\"elementor-element elementor-element-8bad552 elementor-widget elementor-widget-heading\" data-id=\"8bad552\" data-element_type=\"widget\" data-e-type=\"widget\" data-widget_type=\"heading.default\">\n\t\t\t\t<div class=\"elementor-widget-container\">\n\t\t\t\t\t<h2 class=\"elementor-heading-title elementor-size-default\">Compl\u00e9mentaire sant\u00e9 S\u00e9niors<\/h2>\t\t\t\t<\/div>\n\t\t\t\t<\/div>\n\t\t\t\t\t<\/div>\n\t\t<\/div>\n\t\t\t\t\t<\/div>\n\t\t<\/section>\n\t\t\t\t<section class=\"elementor-section elementor-top-section elementor-element elementor-element-961b0af elementor-section-boxed elementor-section-height-default elementor-section-height-default\" data-id=\"961b0af\" data-element_type=\"section\" data-e-type=\"section\">\n\t\t\t\t\t\t<div class=\"elementor-container elementor-column-gap-default\">\n\t\t\t\t\t<div class=\"elementor-column elementor-col-100 elementor-top-column elementor-element elementor-element-d64e37e\" data-id=\"d64e37e\" data-element_type=\"column\" data-e-type=\"column\">\n\t\t\t<div class=\"elementor-widget-wrap\">\n\t\t\t\t\t\t\t<\/div>\n\t\t<\/div>\n\t\t\t\t\t<\/div>\n\t\t<\/section>\n\t\t\t\t<section class=\"elementor-section elementor-top-section elementor-element elementor-element-6e972d6 elementor-section-boxed elementor-section-height-default elementor-section-height-default\" data-id=\"6e972d6\" data-element_type=\"section\" data-e-type=\"section\">\n\t\t\t\t\t\t<div class=\"elementor-container elementor-column-gap-default\">\n\t\t\t\t\t<div class=\"elementor-column elementor-col-100 elementor-top-column elementor-element elementor-element-ed20ba8\" data-id=\"ed20ba8\" data-element_type=\"column\" data-e-type=\"column\">\n\t\t\t<div class=\"elementor-widget-wrap elementor-element-populated\">\n\t\t\t\t\t\t<div class=\"elementor-element elementor-element-3042e8b elementor-widget elementor-widget-heading\" data-id=\"3042e8b\" data-element_type=\"widget\" data-e-type=\"widget\" data-widget_type=\"heading.default\">\n\t\t\t\t<div class=\"elementor-widget-container\">\n\t\t\t\t\t<h2 class=\"elementor-heading-title elementor-size-default\">Faites appel \u00e0 un courtier pour comparer vos garanties<\/h2>\t\t\t\t<\/div>\n\t\t\t\t<\/div>\n\t\t\t\t\t<\/div>\n\t\t<\/div>\n\t\t\t\t\t<\/div>\n\t\t<\/section>\n\t\t\t\t<section class=\"elementor-section elementor-top-section elementor-element elementor-element-ec187f3 elementor-section-boxed elementor-section-height-default elementor-section-height-default\" data-id=\"ec187f3\" data-element_type=\"section\" data-e-type=\"section\">\n\t\t\t\t\t\t<div class=\"elementor-container elementor-column-gap-default\">\n\t\t\t\t\t<div class=\"elementor-column elementor-col-50 elementor-top-column elementor-element elementor-element-8071ac5\" data-id=\"8071ac5\" data-element_type=\"column\" data-e-type=\"column\">\n\t\t\t<div class=\"elementor-widget-wrap elementor-element-populated\">\n\t\t\t\t\t\t<section class=\"elementor-section elementor-inner-section elementor-element elementor-element-f5b6f3d elementor-section-boxed elementor-section-height-default elementor-section-height-default\" data-id=\"f5b6f3d\" data-element_type=\"section\" data-e-type=\"section\">\n\t\t\t\t\t\t<div class=\"elementor-container elementor-column-gap-default\">\n\t\t\t\t\t<div class=\"elementor-column elementor-col-100 elementor-inner-column elementor-element elementor-element-5ac7cc8\" data-id=\"5ac7cc8\" data-element_type=\"column\" data-e-type=\"column\">\n\t\t\t<div class=\"elementor-widget-wrap elementor-element-populated\">\n\t\t\t\t\t\t<div class=\"elementor-element elementor-element-b7945a1 elementor-widget elementor-widget-image\" data-id=\"b7945a1\" data-element_type=\"widget\" data-e-type=\"widget\" data-widget_type=\"image.default\">\n\t\t\t\t<div class=\"elementor-widget-container\">\n\t\t\t\t\t\t\t\t\t\t\t\t\t\t\t<img fetchpriority=\"high\" decoding=\"async\" width=\"300\" height=\"200\" src=\"https:\/\/infy-assurance.fr\/wp-content\/uploads\/2020\/11\/pexels-andrea-piacquadio-3781887-300x200.jpg\" class=\"attachment-medium size-medium wp-image-43\" alt=\"\" srcset=\"https:\/\/infy-assurance.fr\/wp-content\/uploads\/2020\/11\/pexels-andrea-piacquadio-3781887-300x200.jpg 300w, https:\/\/infy-assurance.fr\/wp-content\/uploads\/2020\/11\/pexels-andrea-piacquadio-3781887-1024x683.jpg 1024w, https:\/\/infy-assurance.fr\/wp-content\/uploads\/2020\/11\/pexels-andrea-piacquadio-3781887-768x512.jpg 768w, https:\/\/infy-assurance.fr\/wp-content\/uploads\/2020\/11\/pexels-andrea-piacquadio-3781887-1536x1024.jpg 1536w, https:\/\/infy-assurance.fr\/wp-content\/uploads\/2020\/11\/pexels-andrea-piacquadio-3781887-2048x1365.jpg 2048w\" sizes=\"(max-width: 300px) 100vw, 300px\" \/>\t\t\t\t\t\t\t\t\t\t\t\t\t\t\t<\/div>\n\t\t\t\t<\/div>\n\t\t\t\t<div class=\"elementor-element elementor-element-a099420 elementor-widget elementor-widget-text-editor\" data-id=\"a099420\" data-element_type=\"widget\" data-e-type=\"widget\" data-widget_type=\"text-editor.default\">\n\t\t\t\t<div class=\"elementor-widget-container\">\n\t\t\t\t\t\t\t\t\t<h4>Vous \u00eates \u00e0 la recherche d&rsquo;une bonne couverture sant\u00e9 au meilleur prix.<br \/>Vous pouvez me contacter au <strong>06 13 82 57 85<\/strong>, ou remplir le formulaire, pour convenir d&rsquo;un rendez-vous t\u00e9l\u00e9phonique ou \u00e0 votre domicile sur le Morbihan.<\/h4><h4>30 ans d&rsquo;exp\u00e9rience, et loin des comparateurs web impersonnels, je vous propose un service et un suivi de proximit\u00e9 et de qualit\u00e9.<\/h4><h4>Votre courtier recherche pour vous les meilleurs contrats du march\u00e9, une solution sur mesure, adapt\u00e9e \u00e0 votre situation et budget.<\/h4>\t\t\t\t\t\t\t\t<\/div>\n\t\t\t\t<\/div>\n\t\t\t\t\t<\/div>\n\t\t<\/div>\n\t\t\t\t\t<\/div>\n\t\t<\/section>\n\t\t\t\t<div class=\"elementor-element elementor-element-6b9ec0d elementor-widget elementor-widget-text-editor\" data-id=\"6b9ec0d\" data-element_type=\"widget\" data-e-type=\"widget\" data-widget_type=\"text-editor.default\">\n\t\t\t\t<div class=\"elementor-widget-container\">\n\t\t\t\t\t\t\t\t\t<h4><strong>Depuis le\u00a0 1er d\u00e9cembre 2020<\/strong>, la loi du 14 juillet 2019 vous permet de r\u00e9silier votre contrat compl\u00e9mentaire sant\u00e9 actuel \u00e0 tout moment, sans frais ni p\u00e9nalit\u00e9, si ce dernier a \u00e9t\u00e9 souscrit il y a plus d&rsquo;un an.<br \/>(<a href=\"https:\/\/solidarites-sante.gouv.fr\/actualites\/presse\/communiques-de-presse\/article\/ouverture-de-la-resiliation-infra-annuelle-des-contrats-de-complementaire-sante\" target=\"_blank\" rel=\"noopener\">Voir article complet ici<\/a>)<\/h4>\t\t\t\t\t\t\t\t<\/div>\n\t\t\t\t<\/div>\n\t\t\t\t\t<\/div>\n\t\t<\/div>\n\t\t\t\t<div class=\"elementor-column elementor-col-50 elementor-top-column elementor-element elementor-element-92bae1d\" data-id=\"92bae1d\" data-element_type=\"column\" data-e-type=\"column\">\n\t\t\t<div class=\"elementor-widget-wrap elementor-element-populated\">\n\t\t\t\t\t\t<div class=\"elementor-element elementor-element-64ab50f elementor-widget elementor-widget-wpforms\" data-id=\"64ab50f\" data-element_type=\"widget\" data-e-type=\"widget\" data-widget_type=\"wpforms.default\">\n\t\t\t\t<div class=\"elementor-widget-container\">\n\t\t\t\t\t<div class=\"wpforms-container wpforms-container-full\" id=\"wpforms-267\"><form id=\"wpforms-form-267\" class=\"wpforms-validate wpforms-form\" data-formid=\"267\" method=\"post\" enctype=\"multipart\/form-data\" action=\"\/index.php?rest_route=%2Fwp%2Fv2%2Fpages%2F577\" data-token=\"41e81eb24d839cb422520a4d292f3570\" data-token-time=\"1776669350\"><noscript class=\"wpforms-error-noscript\">Veuillez activer JavaScript dans votre navigateur pour remplir ce formulaire.<\/noscript><div class=\"wpforms-field-container\"><div id=\"wpforms-267-field_0-container\" class=\"wpforms-field wpforms-field-name\" data-field-id=\"0\"><label class=\"wpforms-field-label\">Pr\u00e9nom Nom <span class=\"wpforms-required-label\">*<\/span><\/label><div class=\"wpforms-field-row wpforms-field-medium\"><div class=\"wpforms-field-row-block wpforms-first wpforms-one-half\"><input type=\"text\" id=\"wpforms-267-field_0\" class=\"wpforms-field-name-first wpforms-field-required\" name=\"wpforms[fields][0][first]\" required><label for=\"wpforms-267-field_0\" class=\"wpforms-field-sublabel after\">Pr\u00e9nom<\/label><\/div><div class=\"wpforms-field-row-block wpforms-one-half\"><input type=\"text\" id=\"wpforms-267-field_0-last\" class=\"wpforms-field-name-last wpforms-field-required\" name=\"wpforms[fields][0][last]\" required><label for=\"wpforms-267-field_0-last\" class=\"wpforms-field-sublabel after\">Nom<\/label><\/div><\/div><\/div><div id=\"wpforms-267-field_1-container\" class=\"wpforms-field wpforms-field-email\" data-field-id=\"1\"><label class=\"wpforms-field-label\" for=\"wpforms-267-field_1\">E-mail <span class=\"wpforms-required-label\">*<\/span><\/label><input type=\"email\" id=\"wpforms-267-field_1\" class=\"wpforms-field-medium wpforms-field-required\" name=\"wpforms[fields][1]\" spellcheck=\"false\" required><\/div><div id=\"wpforms-267-field_3-container\" class=\"wpforms-field wpforms-field-text\" data-field-id=\"3\"><label class=\"wpforms-field-label\" for=\"wpforms-267-field_3\">N\u00b0de t\u00e9l\u00e9phone <span class=\"wpforms-required-label\">*<\/span><\/label><input type=\"text\" id=\"wpforms-267-field_3\" class=\"wpforms-field-medium wpforms-field-required\" name=\"wpforms[fields][3]\" required><\/div><div id=\"wpforms-267-field_2-container\" class=\"wpforms-field wpforms-field-textarea\" data-field-id=\"2\"><label class=\"wpforms-field-label\" for=\"wpforms-267-field_2\">Votre demande <span class=\"wpforms-required-label\">*<\/span><\/label><textarea id=\"wpforms-267-field_2\" class=\"wpforms-field-medium wpforms-field-required\" name=\"wpforms[fields][2]\" required><\/textarea><\/div><div id=\"wpforms-267-field_5-container\" class=\"wpforms-field wpforms-field-checkbox\" data-field-id=\"5\"><label class=\"wpforms-field-label\">R\u00e8gles RGPD <span class=\"wpforms-required-label\">*<\/span><\/label><ul id=\"wpforms-267-field_5\" class=\"wpforms-field-required\"><li class=\"choice-1 depth-1\"><input type=\"checkbox\" id=\"wpforms-267-field_5_1\" name=\"wpforms[fields][5][]\" value=\"J&#039;ai compris\" required ><label class=\"wpforms-field-label-inline\" for=\"wpforms-267-field_5_1\">J'ai compris<\/label><\/li><\/ul><div class=\"wpforms-field-description\">Infy Assurance, Fr\u00e9d\u00e9ric RABY - 22 Bis route de Kervingu - 56400 PLUNERET. Les informations port\u00e9es sur ce formulaire sont obligatoires. Elles font l\u2019objet d\u2019un traitement informatis\u00e9 destin\u00e9 \u00e0 \u00e9tablir une \u00e9tude en donnant votre accord pour \u00eatre recontact\u00e9 par mail ou t\u00e9l\u00e9phone . Les destinataires des donn\u00e9es sont : Infy Assurance. \r\nDepuis la loi \u201cinformatique et libert\u00e9s\u201d du 6 janvier 1978 modifi\u00e9e, vous b\u00e9n\u00e9ficiez d\u2019un droit d\u2019acc\u00e8s et de rectification aux informations qui vous concernent. Si vous souhaitez exercer ce droit et obtenir communication des informations vous concernant, veuillez vous adresser \u00e0 contact@infy-assurance.fr<\/div><\/div><\/div><!-- .wpforms-field-container --><div class=\"wpforms-recaptcha-container wpforms-is-recaptcha wpforms-is-recaptcha-type-v2\" ><div class=\"g-recaptcha\" data-sitekey=\"6LfFJu0ZAAAAAIJt5SSXlKmxL4GGnAAUIlP1V6TO\"><\/div><input type=\"text\" name=\"g-recaptcha-hidden\" class=\"wpforms-recaptcha-hidden\" style=\"position:absolute!important;clip:rect(0,0,0,0)!important;height:1px!important;width:1px!important;border:0!important;overflow:hidden!important;padding:0!important;margin:0!important;\" data-rule-recaptcha=\"1\"><\/div><div class=\"wpforms-submit-container\" ><input type=\"hidden\" name=\"wpforms[id]\" value=\"267\"><input type=\"hidden\" name=\"page_title\" value=\"\"><input type=\"hidden\" name=\"page_url\" value=\"https:\/\/infy-assurance.fr\/index.php?rest_route=\/wp\/v2\/pages\/577\"><input type=\"hidden\" name=\"url_referer\" value=\"\"><button type=\"submit\" name=\"wpforms[submit]\" id=\"wpforms-submit-267\" class=\"wpforms-submit\" data-alt-text=\"Envoi...\" data-submit-text=\"Envoyer\" aria-live=\"assertive\" value=\"wpforms-submit\">Envoyer<\/button><\/div><\/form><\/div>  <!-- .wpforms-container -->\t\t\t\t<\/div>\n\t\t\t\t<\/div>\n\t\t\t\t\t<\/div>\n\t\t<\/div>\n\t\t\t\t\t<\/div>\n\t\t<\/section>\n\t\t\t\t<section class=\"elementor-section elementor-top-section elementor-element elementor-element-8303c51 elementor-section-boxed elementor-section-height-default elementor-section-height-default\" data-id=\"8303c51\" data-element_type=\"section\" data-e-type=\"section\">\n\t\t\t\t\t\t<div class=\"elementor-container elementor-column-gap-default\">\n\t\t\t\t\t<div class=\"elementor-column elementor-col-100 elementor-top-column elementor-element elementor-element-1e8443e\" data-id=\"1e8443e\" data-element_type=\"column\" data-e-type=\"column\">\n\t\t\t<div class=\"elementor-widget-wrap elementor-element-populated\">\n\t\t\t\t\t\t<div class=\"elementor-element elementor-element-cf47a75 elementor-widget elementor-widget-text-editor\" data-id=\"cf47a75\" data-element_type=\"widget\" data-e-type=\"widget\" data-widget_type=\"text-editor.default\">\n\t\t\t\t<div class=\"elementor-widget-container\">\n\t\t\t\t\t\t\t\t\t<h6>Fr\u00e9d\u00e9ric RABY, entrepreneur individuel, dont le si\u00e8ge social est sis 22 Bis route de kervingu 56400 PLUNERET et immatricul\u00e9e sous le num\u00e9ro R.C.S. 501695852 \u00e0 LORIENT. Le cabinet est joignable \u00e0 contact@infy-assurance.fr ou par t\u00e9l\u00e9phone au 06 13 82 57 85.<br \/>Immatricul\u00e9e \u00e0 l\u2019ORIAS dans la cat\u00e9gorie \u00abCourtier d\u2019assurance\u00bb sous le num\u00e9ro 07031791 (<a style=\"background-color: #ffffff;\" href=\"http:\/\/www.orias.fr\">www.orias.fr<\/a> &#8211; 1 Rue Jules Lefebvre, 75009 Paris).<br \/>Coordonn\u00e9es de l\u2019Autorit\u00e9 de Contr\u00f4le Prudentiel et de R\u00e9solution\u00a0: 4 Place de Budapest CS 92459 75436 Paris Cedex 09.<br \/>Dans le cadre de son activit\u00e9, Fr\u00e9d\u00e9ric RABY a souscrit une assurance de responsabilit\u00e9 civile ainsi qu\u2019une garantie financi\u00e8re aupr\u00e8s de la compagnie d\u2019assurance AIG EUROPE SA.<br \/><u>INFORMATIONS PREALABLES A LA FOURNITURE DU CONTRAT<br \/><\/u>Fr\u00e9d\u00e9ric RABY n\u2019est pas soumis \u00e0 une obligation contractuelle de travailler exclusivement avec une ou plusieurs compagnies d\u2019assurance mais son analyse se fonde sur un nombre restreint de contrats d\u2019assurances pr\u00e9sents sur le march\u00e9. Ses partenaires assureurs sont visibles sur la page d&rsquo;accueil du site.<br \/>Pour la distribution de ce contrat, le cabinet est r\u00e9mun\u00e9r\u00e9 sur la base\u00a0d\u2019une commission c\u2019est-\u00e0-dire une r\u00e9mun\u00e9ration incluse dans la prime d\u2019assurance.<br \/>En cas de r\u00e9clamation vous pouvez-vous adresser \u00e0\u00a0Fr\u00e9d\u00e9ric RABY \u00e0 contact@infy-assurance.fr<br \/>En cas d\u2019\u00e9chec de votre r\u00e9clamation, vous pouvez vous adresser au M\u00e9diateur de l\u2019Assurance par courrier \u00e0\u00a0La M\u00e9diation de l\u2019Assurance, P\u00f4le PLANETE CSCA, TSA 50110 75441 Paris CEDEX 09, ou par mail\u00a0: <a style=\"background-color: #ffffff;\" href=\"mailto:le.mediateur@mediation-assurance.org\">le.mediateur@mediation-assurance.org<\/a>.<\/h6>\t\t\t\t\t\t\t\t<\/div>\n\t\t\t\t<\/div>\n\t\t\t\t\t<\/div>\n\t\t<\/div>\n\t\t\t\t\t<\/div>\n\t\t<\/section>\n\t\t\t\t<\/div>\n\t\t","protected":false},"excerpt":{"rendered":"<p>Compl\u00e9mentaire sant\u00e9 S\u00e9niors Faites appel \u00e0 un courtier pour comparer vos garanties Vous \u00eates \u00e0 la recherche d&rsquo;une bonne couverture [&hellip;]<\/p>\n","protected":false},"author":1,"featured_media":0,"parent":0,"menu_order":0,"comment_status":"closed","ping_status":"closed","template":"template-full-width.php","meta":{"footnotes":""},"class_list":["post-577","page","type-page","status-publish","hentry"],"yoast_head":"<!-- This site is optimized with the Yoast SEO plugin v27.1.1 - https:\/\/yoast.com\/product\/yoast-seo-wordpress\/ -->\n<title>Page sant\u00e9 senior - Infy Assurance<\/title>\n<meta name=\"robots\" content=\"index, follow, max-snippet:-1, max-image-preview:large, max-video-preview:-1\" \/>\n<link rel=\"canonical\" href=\"https:\/\/infy-assurance.fr\/?page_id=577\" \/>\n<meta property=\"og:locale\" content=\"fr_FR\" \/>\n<meta property=\"og:type\" content=\"article\" \/>\n<meta property=\"og:title\" content=\"Page sant\u00e9 senior - Infy Assurance\" \/>\n<meta property=\"og:description\" content=\"Compl\u00e9mentaire sant\u00e9 S\u00e9niors Faites appel \u00e0 un courtier pour comparer vos garanties Vous \u00eates \u00e0 la recherche d&rsquo;une bonne couverture [&hellip;]\" \/>\n<meta property=\"og:url\" content=\"https:\/\/infy-assurance.fr\/?page_id=577\" \/>\n<meta property=\"og:site_name\" content=\"Infy Assurance\" \/>\n<meta property=\"article:publisher\" content=\"https:\/\/www.facebook.com\/infyassurance\" \/>\n<meta property=\"article:modified_time\" content=\"2021-11-27T19:22:48+00:00\" \/>\n<meta property=\"og:image\" content=\"https:\/\/infy-assurance.fr\/wp-content\/uploads\/2020\/11\/pexels-andrea-piacquadio-3781887-300x200.jpg\" \/>\n<meta name=\"twitter:card\" content=\"summary_large_image\" \/>\n<meta name=\"twitter:label1\" content=\"Dur\u00e9e de lecture estim\u00e9e\" \/>\n\t<meta name=\"twitter:data1\" content=\"2 minutes\" \/>\n<script type=\"application\/ld+json\" class=\"yoast-schema-graph\">{\"@context\":\"https:\/\/schema.org\",\"@graph\":[{\"@type\":\"WebPage\",\"@id\":\"https:\/\/infy-assurance.fr\/?page_id=577\",\"url\":\"https:\/\/infy-assurance.fr\/?page_id=577\",\"name\":\"Page sant\u00e9 senior - Infy Assurance\",\"isPartOf\":{\"@id\":\"https:\/\/infy-assurance.fr\/#website\"},\"primaryImageOfPage\":{\"@id\":\"https:\/\/infy-assurance.fr\/?page_id=577#primaryimage\"},\"image\":{\"@id\":\"https:\/\/infy-assurance.fr\/?page_id=577#primaryimage\"},\"thumbnailUrl\":\"https:\/\/infy-assurance.fr\/wp-content\/uploads\/2020\/11\/pexels-andrea-piacquadio-3781887-300x200.jpg\",\"datePublished\":\"2021-01-11T15:02:24+00:00\",\"dateModified\":\"2021-11-27T19:22:48+00:00\",\"breadcrumb\":{\"@id\":\"https:\/\/infy-assurance.fr\/?page_id=577#breadcrumb\"},\"inLanguage\":\"fr-FR\",\"potentialAction\":[{\"@type\":\"ReadAction\",\"target\":[\"https:\/\/infy-assurance.fr\/?page_id=577\"]}]},{\"@type\":\"ImageObject\",\"inLanguage\":\"fr-FR\",\"@id\":\"https:\/\/infy-assurance.fr\/?page_id=577#primaryimage\",\"url\":\"https:\/\/infy-assurance.fr\/wp-content\/uploads\/2020\/11\/pexels-andrea-piacquadio-3781887-scaled.jpg\",\"contentUrl\":\"https:\/\/infy-assurance.fr\/wp-content\/uploads\/2020\/11\/pexels-andrea-piacquadio-3781887-scaled.jpg\",\"width\":2560,\"height\":1707},{\"@type\":\"BreadcrumbList\",\"@id\":\"https:\/\/infy-assurance.fr\/?page_id=577#breadcrumb\",\"itemListElement\":[{\"@type\":\"ListItem\",\"position\":1,\"name\":\"Accueil\",\"item\":\"https:\/\/infy-assurance.fr\/\"},{\"@type\":\"ListItem\",\"position\":2,\"name\":\"Page sant\u00e9 senior\"}]},{\"@type\":\"WebSite\",\"@id\":\"https:\/\/infy-assurance.fr\/#website\",\"url\":\"https:\/\/infy-assurance.fr\/\",\"name\":\"Infy Assurance\",\"description\":\"L&#039;assurance de vos projets\",\"publisher\":{\"@id\":\"https:\/\/infy-assurance.fr\/#organization\"},\"potentialAction\":[{\"@type\":\"SearchAction\",\"target\":{\"@type\":\"EntryPoint\",\"urlTemplate\":\"https:\/\/infy-assurance.fr\/?s={search_term_string}\"},\"query-input\":{\"@type\":\"PropertyValueSpecification\",\"valueRequired\":true,\"valueName\":\"search_term_string\"}}],\"inLanguage\":\"fr-FR\"},{\"@type\":\"Organization\",\"@id\":\"https:\/\/infy-assurance.fr\/#organization\",\"name\":\"Infy Assurance\",\"url\":\"https:\/\/infy-assurance.fr\/\",\"logo\":{\"@type\":\"ImageObject\",\"inLanguage\":\"fr-FR\",\"@id\":\"https:\/\/infy-assurance.fr\/#\/schema\/logo\/image\/\",\"url\":\"https:\/\/infy-assurance.fr\/wp-content\/uploads\/2020\/11\/logo-infy-reduit-3.png\",\"contentUrl\":\"https:\/\/infy-assurance.fr\/wp-content\/uploads\/2020\/11\/logo-infy-reduit-3.png\",\"width\":100,\"height\":130,\"caption\":\"Infy Assurance\"},\"image\":{\"@id\":\"https:\/\/infy-assurance.fr\/#\/schema\/logo\/image\/\"},\"sameAs\":[\"https:\/\/www.facebook.com\/infyassurance\"]}]}<\/script>\n<!-- \/ Yoast SEO plugin. -->","yoast_head_json":{"title":"Page sant\u00e9 senior - Infy Assurance","robots":{"index":"index","follow":"follow","max-snippet":"max-snippet:-1","max-image-preview":"max-image-preview:large","max-video-preview":"max-video-preview:-1"},"canonical":"https:\/\/infy-assurance.fr\/?page_id=577","og_locale":"fr_FR","og_type":"article","og_title":"Page sant\u00e9 senior - Infy Assurance","og_description":"Compl\u00e9mentaire sant\u00e9 S\u00e9niors Faites appel \u00e0 un courtier pour comparer vos garanties Vous \u00eates \u00e0 la recherche d&rsquo;une bonne couverture [&hellip;]","og_url":"https:\/\/infy-assurance.fr\/?page_id=577","og_site_name":"Infy Assurance","article_publisher":"https:\/\/www.facebook.com\/infyassurance","article_modified_time":"2021-11-27T19:22:48+00:00","og_image":[{"url":"https:\/\/infy-assurance.fr\/wp-content\/uploads\/2020\/11\/pexels-andrea-piacquadio-3781887-300x200.jpg","type":"","width":"","height":""}],"twitter_card":"summary_large_image","twitter_misc":{"Dur\u00e9e de lecture estim\u00e9e":"2 minutes"},"schema":{"@context":"https:\/\/schema.org","@graph":[{"@type":"WebPage","@id":"https:\/\/infy-assurance.fr\/?page_id=577","url":"https:\/\/infy-assurance.fr\/?page_id=577","name":"Page sant\u00e9 senior - Infy Assurance","isPartOf":{"@id":"https:\/\/infy-assurance.fr\/#website"},"primaryImageOfPage":{"@id":"https:\/\/infy-assurance.fr\/?page_id=577#primaryimage"},"image":{"@id":"https:\/\/infy-assurance.fr\/?page_id=577#primaryimage"},"thumbnailUrl":"https:\/\/infy-assurance.fr\/wp-content\/uploads\/2020\/11\/pexels-andrea-piacquadio-3781887-300x200.jpg","datePublished":"2021-01-11T15:02:24+00:00","dateModified":"2021-11-27T19:22:48+00:00","breadcrumb":{"@id":"https:\/\/infy-assurance.fr\/?page_id=577#breadcrumb"},"inLanguage":"fr-FR","potentialAction":[{"@type":"ReadAction","target":["https:\/\/infy-assurance.fr\/?page_id=577"]}]},{"@type":"ImageObject","inLanguage":"fr-FR","@id":"https:\/\/infy-assurance.fr\/?page_id=577#primaryimage","url":"https:\/\/infy-assurance.fr\/wp-content\/uploads\/2020\/11\/pexels-andrea-piacquadio-3781887-scaled.jpg","contentUrl":"https:\/\/infy-assurance.fr\/wp-content\/uploads\/2020\/11\/pexels-andrea-piacquadio-3781887-scaled.jpg","width":2560,"height":1707},{"@type":"BreadcrumbList","@id":"https:\/\/infy-assurance.fr\/?page_id=577#breadcrumb","itemListElement":[{"@type":"ListItem","position":1,"name":"Accueil","item":"https:\/\/infy-assurance.fr\/"},{"@type":"ListItem","position":2,"name":"Page sant\u00e9 senior"}]},{"@type":"WebSite","@id":"https:\/\/infy-assurance.fr\/#website","url":"https:\/\/infy-assurance.fr\/","name":"Infy Assurance","description":"L&#039;assurance de vos projets","publisher":{"@id":"https:\/\/infy-assurance.fr\/#organization"},"potentialAction":[{"@type":"SearchAction","target":{"@type":"EntryPoint","urlTemplate":"https:\/\/infy-assurance.fr\/?s={search_term_string}"},"query-input":{"@type":"PropertyValueSpecification","valueRequired":true,"valueName":"search_term_string"}}],"inLanguage":"fr-FR"},{"@type":"Organization","@id":"https:\/\/infy-assurance.fr\/#organization","name":"Infy Assurance","url":"https:\/\/infy-assurance.fr\/","logo":{"@type":"ImageObject","inLanguage":"fr-FR","@id":"https:\/\/infy-assurance.fr\/#\/schema\/logo\/image\/","url":"https:\/\/infy-assurance.fr\/wp-content\/uploads\/2020\/11\/logo-infy-reduit-3.png","contentUrl":"https:\/\/infy-assurance.fr\/wp-content\/uploads\/2020\/11\/logo-infy-reduit-3.png","width":100,"height":130,"caption":"Infy Assurance"},"image":{"@id":"https:\/\/infy-assurance.fr\/#\/schema\/logo\/image\/"},"sameAs":["https:\/\/www.facebook.com\/infyassurance"]}]}},"_links":{"self":[{"href":"https:\/\/infy-assurance.fr\/index.php?rest_route=\/wp\/v2\/pages\/577","targetHints":{"allow":["GET"]}}],"collection":[{"href":"https:\/\/infy-assurance.fr\/index.php?rest_route=\/wp\/v2\/pages"}],"about":[{"href":"https:\/\/infy-assurance.fr\/index.php?rest_route=\/wp\/v2\/types\/page"}],"author":[{"embeddable":true,"href":"https:\/\/infy-assurance.fr\/index.php?rest_route=\/wp\/v2\/users\/1"}],"replies":[{"embeddable":true,"href":"https:\/\/infy-assurance.fr\/index.php?rest_route=%2Fwp%2Fv2%2Fcomments&post=577"}],"version-history":[{"count":64,"href":"https:\/\/infy-assurance.fr\/index.php?rest_route=\/wp\/v2\/pages\/577\/revisions"}],"predecessor-version":[{"id":885,"href":"https:\/\/infy-assurance.fr\/index.php?rest_route=\/wp\/v2\/pages\/577\/revisions\/885"}],"wp:attachment":[{"href":"https:\/\/infy-assurance.fr\/index.php?rest_route=%2Fwp%2Fv2%2Fmedia&parent=577"}],"curies":[{"name":"wp","href":"https:\/\/api.w.org\/{rel}","templated":true}]}}