{"id":65,"date":"2020-11-17T14:44:54","date_gmt":"2020-11-17T13:44:54","guid":{"rendered":"http:\/\/infy-assurance.fr\/?page_id=65"},"modified":"2022-06-03T16:33:58","modified_gmt":"2022-06-03T14:33:58","slug":"accueil","status":"publish","type":"page","link":"https:\/\/infy-assurance.fr\/?page_id=65","title":{"rendered":"Professionnels"},"content":{"rendered":"\t\t<div data-elementor-type=\"wp-page\" data-elementor-id=\"65\" class=\"elementor elementor-65\">\n\t\t\t\t\t\t<section class=\"elementor-section elementor-top-section elementor-element elementor-element-55c7893 elementor-section-boxed elementor-section-height-default elementor-section-height-default\" data-id=\"55c7893\" data-element_type=\"section\" data-e-type=\"section\">\n\t\t\t\t\t\t<div class=\"elementor-container elementor-column-gap-default\">\n\t\t\t\t\t<div class=\"elementor-column elementor-col-50 elementor-top-column elementor-element elementor-element-4f9901e\" data-id=\"4f9901e\" data-element_type=\"column\" data-e-type=\"column\">\n\t\t\t<div class=\"elementor-widget-wrap elementor-element-populated\">\n\t\t\t\t\t\t<div class=\"elementor-element elementor-element-187f3a3 elementor-widget elementor-widget-heading\" data-id=\"187f3a3\" data-element_type=\"widget\" data-e-type=\"widget\" data-widget_type=\"heading.default\">\n\t\t\t\t<div class=\"elementor-widget-container\">\n\t\t\t\t\t<h2 class=\"elementor-heading-title elementor-size-default\"><a href=\"https:\/\/infy-assurance.fr\/?page_id=463\">Sant\u00e9 &amp; Pr\u00e9voyance TNS<\/a><\/h2>\t\t\t\t<\/div>\n\t\t\t\t<\/div>\n\t\t\t\t<div class=\"elementor-element elementor-element-3b43835 elementor-widget elementor-widget-image\" data-id=\"3b43835\" data-element_type=\"widget\" data-e-type=\"widget\" data-widget_type=\"image.default\">\n\t\t\t\t<div class=\"elementor-widget-container\">\n\t\t\t\t\t\t\t\t\t\t\t\t\t\t\t\t<a href=\"https:\/\/infy-assurance.fr\/?page_id=463\">\n\t\t\t\t\t\t\t<img fetchpriority=\"high\" decoding=\"async\" width=\"680\" height=\"434\" src=\"https:\/\/infy-assurance.fr\/wp-content\/uploads\/2021\/01\/pexels-negative-space-48604-1024x653.jpg\" class=\"attachment-large size-large wp-image-610\" alt=\"\" srcset=\"https:\/\/infy-assurance.fr\/wp-content\/uploads\/2021\/01\/pexels-negative-space-48604-1024x653.jpg 1024w, https:\/\/infy-assurance.fr\/wp-content\/uploads\/2021\/01\/pexels-negative-space-48604-300x191.jpg 300w, https:\/\/infy-assurance.fr\/wp-content\/uploads\/2021\/01\/pexels-negative-space-48604-768x490.jpg 768w, https:\/\/infy-assurance.fr\/wp-content\/uploads\/2021\/01\/pexels-negative-space-48604-1536x980.jpg 1536w, https:\/\/infy-assurance.fr\/wp-content\/uploads\/2021\/01\/pexels-negative-space-48604-2048x1307.jpg 2048w\" sizes=\"(max-width: 680px) 100vw, 680px\" \/>\t\t\t\t\t\t\t\t<\/a>\n\t\t\t\t\t\t\t\t\t\t\t\t\t\t\t<\/div>\n\t\t\t\t<\/div>\n\t\t\t\t\t<\/div>\n\t\t<\/div>\n\t\t\t\t<div class=\"elementor-column elementor-col-50 elementor-top-column elementor-element elementor-element-954604d\" data-id=\"954604d\" data-element_type=\"column\" data-e-type=\"column\">\n\t\t\t<div class=\"elementor-widget-wrap elementor-element-populated\">\n\t\t\t\t\t\t<div class=\"elementor-element elementor-element-2598ced elementor-widget elementor-widget-heading\" data-id=\"2598ced\" data-element_type=\"widget\" data-e-type=\"widget\" data-widget_type=\"heading.default\">\n\t\t\t\t<div class=\"elementor-widget-container\">\n\t\t\t\t\t<h2 class=\"elementor-heading-title elementor-size-default\"><a href=\"https:\/\/infy-assurance.fr\/?page_id=774\">Vos biens &amp; responsabilit\u00e9s<\/a><\/h2>\t\t\t\t<\/div>\n\t\t\t\t<\/div>\n\t\t\t\t<div class=\"elementor-element elementor-element-21d3058 elementor-widget elementor-widget-image\" data-id=\"21d3058\" data-element_type=\"widget\" data-e-type=\"widget\" data-widget_type=\"image.default\">\n\t\t\t\t<div class=\"elementor-widget-container\">\n\t\t\t\t\t\t\t\t\t\t\t\t\t\t\t\t<a href=\"https:\/\/infy-assurance.fr\/?page_id=774\">\n\t\t\t\t\t\t\t<img decoding=\"async\" width=\"680\" height=\"453\" src=\"https:\/\/infy-assurance.fr\/wp-content\/uploads\/2020\/11\/boulanger-1024x682.jpeg\" class=\"attachment-large size-large wp-image-531\" alt=\"\" srcset=\"https:\/\/infy-assurance.fr\/wp-content\/uploads\/2020\/11\/boulanger-1024x682.jpeg 1024w, https:\/\/infy-assurance.fr\/wp-content\/uploads\/2020\/11\/boulanger-300x200.jpeg 300w, https:\/\/infy-assurance.fr\/wp-content\/uploads\/2020\/11\/boulanger-768x512.jpeg 768w, https:\/\/infy-assurance.fr\/wp-content\/uploads\/2020\/11\/boulanger-1536x1024.jpeg 1536w, https:\/\/infy-assurance.fr\/wp-content\/uploads\/2020\/11\/boulanger.jpeg 1880w\" sizes=\"(max-width: 680px) 100vw, 680px\" \/>\t\t\t\t\t\t\t\t<\/a>\n\t\t\t\t\t\t\t\t\t\t\t\t\t\t\t<\/div>\n\t\t\t\t<\/div>\n\t\t\t\t\t<\/div>\n\t\t<\/div>\n\t\t\t\t\t<\/div>\n\t\t<\/section>\n\t\t\t\t<section class=\"elementor-section elementor-top-section elementor-element elementor-element-0a8a022 elementor-section-boxed elementor-section-height-default elementor-section-height-default\" data-id=\"0a8a022\" data-element_type=\"section\" data-e-type=\"section\">\n\t\t\t\t\t\t<div class=\"elementor-container elementor-column-gap-default\">\n\t\t\t\t\t<div class=\"elementor-column elementor-col-100 elementor-top-column elementor-element elementor-element-d1e329b\" data-id=\"d1e329b\" data-element_type=\"column\" data-e-type=\"column\">\n\t\t\t<div class=\"elementor-widget-wrap elementor-element-populated\">\n\t\t\t\t\t\t<div class=\"elementor-element elementor-element-fe772d1 elementor-widget-divider--view-line elementor-widget elementor-widget-divider\" data-id=\"fe772d1\" data-element_type=\"widget\" data-e-type=\"widget\" data-widget_type=\"divider.default\">\n\t\t\t\t<div class=\"elementor-widget-container\">\n\t\t\t\t\t\t\t<div class=\"elementor-divider\">\n\t\t\t<span class=\"elementor-divider-separator\">\n\t\t\t\t\t\t<\/span>\n\t\t<\/div>\n\t\t\t\t\t\t<\/div>\n\t\t\t\t<\/div>\n\t\t\t\t<div class=\"elementor-element elementor-element-f312ae3 elementor-align-center elementor-widget elementor-widget-button\" data-id=\"f312ae3\" data-element_type=\"widget\" data-e-type=\"widget\" data-widget_type=\"button.default\">\n\t\t\t\t<div class=\"elementor-widget-container\">\n\t\t\t\t\t\t\t\t\t<div class=\"elementor-button-wrapper\">\n\t\t\t\t\t<a class=\"elementor-button elementor-button-link elementor-size-lg\" href=\"https:\/\/infy-assurance.fr\/?page_id=463\">\n\t\t\t\t\t\t<span class=\"elementor-button-content-wrapper\">\n\t\t\t\t\t\t\t\t\t<span class=\"elementor-button-text\">Votre devis ICI<\/span>\n\t\t\t\t\t<\/span>\n\t\t\t\t\t<\/a>\n\t\t\t\t<\/div>\n\t\t\t\t\t\t\t\t<\/div>\n\t\t\t\t<\/div>\n\t\t\t\t<div class=\"elementor-element elementor-element-47d900c elementor-widget-divider--view-line elementor-widget elementor-widget-divider\" data-id=\"47d900c\" data-element_type=\"widget\" data-e-type=\"widget\" data-widget_type=\"divider.default\">\n\t\t\t\t<div class=\"elementor-widget-container\">\n\t\t\t\t\t\t\t<div class=\"elementor-divider\">\n\t\t\t<span class=\"elementor-divider-separator\">\n\t\t\t\t\t\t<\/span>\n\t\t<\/div>\n\t\t\t\t\t\t<\/div>\n\t\t\t\t<\/div>\n\t\t\t\t\t<\/div>\n\t\t<\/div>\n\t\t\t\t\t<\/div>\n\t\t<\/section>\n\t\t\t\t<\/div>\n\t\t","protected":false},"excerpt":{"rendered":"<p>Sant\u00e9 &#038; Pr\u00e9voyance TNS Vos biens &#038; responsabilit\u00e9s Votre devis ICI<\/p>\n","protected":false},"author":1,"featured_media":0,"parent":0,"menu_order":0,"comment_status":"closed","ping_status":"closed","template":"template-full-width.php","meta":{"footnotes":""},"class_list":["post-65","page","type-page","status-publish","hentry"],"yoast_head":"<!-- This site is optimized with the Yoast SEO plugin v27.1.1 - https:\/\/yoast.com\/product\/yoast-seo-wordpress\/ -->\n<title>Professionnels - Infy Assurance<\/title>\n<meta name=\"robots\" content=\"index, follow, max-snippet:-1, max-image-preview:large, max-video-preview:-1\" \/>\n<link rel=\"canonical\" href=\"https:\/\/infy-assurance.fr\/?page_id=65\" \/>\n<meta property=\"og:locale\" content=\"fr_FR\" \/>\n<meta property=\"og:type\" content=\"article\" \/>\n<meta property=\"og:title\" content=\"Professionnels - Infy Assurance\" \/>\n<meta property=\"og:description\" content=\"Sant\u00e9 &#038; Pr\u00e9voyance TNS Vos biens &#038; responsabilit\u00e9s Votre devis ICI\" \/>\n<meta property=\"og:url\" content=\"https:\/\/infy-assurance.fr\/?page_id=65\" \/>\n<meta property=\"og:site_name\" content=\"Infy Assurance\" \/>\n<meta property=\"article:publisher\" content=\"https:\/\/www.facebook.com\/infyassurance\" \/>\n<meta property=\"article:modified_time\" content=\"2022-06-03T14:33:58+00:00\" \/>\n<meta property=\"og:image\" content=\"https:\/\/infy-assurance.fr\/wp-content\/uploads\/2021\/01\/pexels-negative-space-48604-1024x653.jpg\" \/>\n<meta name=\"twitter:card\" content=\"summary_large_image\" \/>\n<script type=\"application\/ld+json\" class=\"yoast-schema-graph\">{\"@context\":\"https:\/\/schema.org\",\"@graph\":[{\"@type\":\"WebPage\",\"@id\":\"https:\/\/infy-assurance.fr\/?page_id=65\",\"url\":\"https:\/\/infy-assurance.fr\/?page_id=65\",\"name\":\"Professionnels - Infy Assurance\",\"isPartOf\":{\"@id\":\"https:\/\/infy-assurance.fr\/#website\"},\"primaryImageOfPage\":{\"@id\":\"https:\/\/infy-assurance.fr\/?page_id=65#primaryimage\"},\"image\":{\"@id\":\"https:\/\/infy-assurance.fr\/?page_id=65#primaryimage\"},\"thumbnailUrl\":\"https:\/\/infy-assurance.fr\/wp-content\/uploads\/2021\/01\/pexels-negative-space-48604-1024x653.jpg\",\"datePublished\":\"2020-11-17T13:44:54+00:00\",\"dateModified\":\"2022-06-03T14:33:58+00:00\",\"breadcrumb\":{\"@id\":\"https:\/\/infy-assurance.fr\/?page_id=65#breadcrumb\"},\"inLanguage\":\"fr-FR\",\"potentialAction\":[{\"@type\":\"ReadAction\",\"target\":[\"https:\/\/infy-assurance.fr\/?page_id=65\"]}]},{\"@type\":\"ImageObject\",\"inLanguage\":\"fr-FR\",\"@id\":\"https:\/\/infy-assurance.fr\/?page_id=65#primaryimage\",\"url\":\"https:\/\/infy-assurance.fr\/wp-content\/uploads\/2021\/01\/pexels-negative-space-48604-scaled.jpg\",\"contentUrl\":\"https:\/\/infy-assurance.fr\/wp-content\/uploads\/2021\/01\/pexels-negative-space-48604-scaled.jpg\",\"width\":2560,\"height\":1634},{\"@type\":\"BreadcrumbList\",\"@id\":\"https:\/\/infy-assurance.fr\/?page_id=65#breadcrumb\",\"itemListElement\":[{\"@type\":\"ListItem\",\"position\":1,\"name\":\"Accueil\",\"item\":\"https:\/\/infy-assurance.fr\/\"},{\"@type\":\"ListItem\",\"position\":2,\"name\":\"Professionnels\"}]},{\"@type\":\"WebSite\",\"@id\":\"https:\/\/infy-assurance.fr\/#website\",\"url\":\"https:\/\/infy-assurance.fr\/\",\"name\":\"Infy Assurance\",\"description\":\"L&#039;assurance de vos projets\",\"publisher\":{\"@id\":\"https:\/\/infy-assurance.fr\/#organization\"},\"potentialAction\":[{\"@type\":\"SearchAction\",\"target\":{\"@type\":\"EntryPoint\",\"urlTemplate\":\"https:\/\/infy-assurance.fr\/?s={search_term_string}\"},\"query-input\":{\"@type\":\"PropertyValueSpecification\",\"valueRequired\":true,\"valueName\":\"search_term_string\"}}],\"inLanguage\":\"fr-FR\"},{\"@type\":\"Organization\",\"@id\":\"https:\/\/infy-assurance.fr\/#organization\",\"name\":\"Infy Assurance\",\"url\":\"https:\/\/infy-assurance.fr\/\",\"logo\":{\"@type\":\"ImageObject\",\"inLanguage\":\"fr-FR\",\"@id\":\"https:\/\/infy-assurance.fr\/#\/schema\/logo\/image\/\",\"url\":\"https:\/\/infy-assurance.fr\/wp-content\/uploads\/2020\/11\/logo-infy-reduit-3.png\",\"contentUrl\":\"https:\/\/infy-assurance.fr\/wp-content\/uploads\/2020\/11\/logo-infy-reduit-3.png\",\"width\":100,\"height\":130,\"caption\":\"Infy Assurance\"},\"image\":{\"@id\":\"https:\/\/infy-assurance.fr\/#\/schema\/logo\/image\/\"},\"sameAs\":[\"https:\/\/www.facebook.com\/infyassurance\"]}]}<\/script>\n<!-- \/ Yoast SEO plugin. -->","yoast_head_json":{"title":"Professionnels - Infy Assurance","robots":{"index":"index","follow":"follow","max-snippet":"max-snippet:-1","max-image-preview":"max-image-preview:large","max-video-preview":"max-video-preview:-1"},"canonical":"https:\/\/infy-assurance.fr\/?page_id=65","og_locale":"fr_FR","og_type":"article","og_title":"Professionnels - Infy Assurance","og_description":"Sant\u00e9 &#038; Pr\u00e9voyance TNS Vos biens &#038; responsabilit\u00e9s Votre devis ICI","og_url":"https:\/\/infy-assurance.fr\/?page_id=65","og_site_name":"Infy Assurance","article_publisher":"https:\/\/www.facebook.com\/infyassurance","article_modified_time":"2022-06-03T14:33:58+00:00","og_image":[{"url":"https:\/\/infy-assurance.fr\/wp-content\/uploads\/2021\/01\/pexels-negative-space-48604-1024x653.jpg","type":"","width":"","height":""}],"twitter_card":"summary_large_image","schema":{"@context":"https:\/\/schema.org","@graph":[{"@type":"WebPage","@id":"https:\/\/infy-assurance.fr\/?page_id=65","url":"https:\/\/infy-assurance.fr\/?page_id=65","name":"Professionnels - Infy Assurance","isPartOf":{"@id":"https:\/\/infy-assurance.fr\/#website"},"primaryImageOfPage":{"@id":"https:\/\/infy-assurance.fr\/?page_id=65#primaryimage"},"image":{"@id":"https:\/\/infy-assurance.fr\/?page_id=65#primaryimage"},"thumbnailUrl":"https:\/\/infy-assurance.fr\/wp-content\/uploads\/2021\/01\/pexels-negative-space-48604-1024x653.jpg","datePublished":"2020-11-17T13:44:54+00:00","dateModified":"2022-06-03T14:33:58+00:00","breadcrumb":{"@id":"https:\/\/infy-assurance.fr\/?page_id=65#breadcrumb"},"inLanguage":"fr-FR","potentialAction":[{"@type":"ReadAction","target":["https:\/\/infy-assurance.fr\/?page_id=65"]}]},{"@type":"ImageObject","inLanguage":"fr-FR","@id":"https:\/\/infy-assurance.fr\/?page_id=65#primaryimage","url":"https:\/\/infy-assurance.fr\/wp-content\/uploads\/2021\/01\/pexels-negative-space-48604-scaled.jpg","contentUrl":"https:\/\/infy-assurance.fr\/wp-content\/uploads\/2021\/01\/pexels-negative-space-48604-scaled.jpg","width":2560,"height":1634},{"@type":"BreadcrumbList","@id":"https:\/\/infy-assurance.fr\/?page_id=65#breadcrumb","itemListElement":[{"@type":"ListItem","position":1,"name":"Accueil","item":"https:\/\/infy-assurance.fr\/"},{"@type":"ListItem","position":2,"name":"Professionnels"}]},{"@type":"WebSite","@id":"https:\/\/infy-assurance.fr\/#website","url":"https:\/\/infy-assurance.fr\/","name":"Infy Assurance","description":"L&#039;assurance de vos projets","publisher":{"@id":"https:\/\/infy-assurance.fr\/#organization"},"potentialAction":[{"@type":"SearchAction","target":{"@type":"EntryPoint","urlTemplate":"https:\/\/infy-assurance.fr\/?s={search_term_string}"},"query-input":{"@type":"PropertyValueSpecification","valueRequired":true,"valueName":"search_term_string"}}],"inLanguage":"fr-FR"},{"@type":"Organization","@id":"https:\/\/infy-assurance.fr\/#organization","name":"Infy Assurance","url":"https:\/\/infy-assurance.fr\/","logo":{"@type":"ImageObject","inLanguage":"fr-FR","@id":"https:\/\/infy-assurance.fr\/#\/schema\/logo\/image\/","url":"https:\/\/infy-assurance.fr\/wp-content\/uploads\/2020\/11\/logo-infy-reduit-3.png","contentUrl":"https:\/\/infy-assurance.fr\/wp-content\/uploads\/2020\/11\/logo-infy-reduit-3.png","width":100,"height":130,"caption":"Infy Assurance"},"image":{"@id":"https:\/\/infy-assurance.fr\/#\/schema\/logo\/image\/"},"sameAs":["https:\/\/www.facebook.com\/infyassurance"]}]}},"_links":{"self":[{"href":"https:\/\/infy-assurance.fr\/index.php?rest_route=\/wp\/v2\/pages\/65","targetHints":{"allow":["GET"]}}],"collection":[{"href":"https:\/\/infy-assurance.fr\/index.php?rest_route=\/wp\/v2\/pages"}],"about":[{"href":"https:\/\/infy-assurance.fr\/index.php?rest_route=\/wp\/v2\/types\/page"}],"author":[{"embeddable":true,"href":"https:\/\/infy-assurance.fr\/index.php?rest_route=\/wp\/v2\/users\/1"}],"replies":[{"embeddable":true,"href":"https:\/\/infy-assurance.fr\/index.php?rest_route=%2Fwp%2Fv2%2Fcomments&post=65"}],"version-history":[{"count":98,"href":"https:\/\/infy-assurance.fr\/index.php?rest_route=\/wp\/v2\/pages\/65\/revisions"}],"predecessor-version":[{"id":924,"href":"https:\/\/infy-assurance.fr\/index.php?rest_route=\/wp\/v2\/pages\/65\/revisions\/924"}],"wp:attachment":[{"href":"https:\/\/infy-assurance.fr\/index.php?rest_route=%2Fwp%2Fv2%2Fmedia&parent=65"}],"curies":[{"name":"wp","href":"https:\/\/api.w.org\/{rel}","templated":true}]}}