{"id":974,"date":"2023-09-19T14:13:40","date_gmt":"2023-09-19T12:13:40","guid":{"rendered":"https:\/\/infy-assurance.fr\/?page_id=974"},"modified":"2023-09-29T16:39:16","modified_gmt":"2023-09-29T14:39:16","slug":"cyber","status":"publish","type":"page","link":"https:\/\/infy-assurance.fr\/?page_id=974","title":{"rendered":"CYBER"},"content":{"rendered":"\t\t<div data-elementor-type=\"wp-page\" data-elementor-id=\"974\" class=\"elementor elementor-974\">\n\t\t\t\t\t\t<section class=\"elementor-section elementor-top-section elementor-element elementor-element-a5f4055 elementor-section-boxed elementor-section-height-default elementor-section-height-default\" data-id=\"a5f4055\" data-element_type=\"section\" data-e-type=\"section\">\n\t\t\t\t\t\t<div class=\"elementor-container elementor-column-gap-default\">\n\t\t\t\t\t<div class=\"elementor-column elementor-col-100 elementor-top-column elementor-element elementor-element-4f9901e\" data-id=\"4f9901e\" data-element_type=\"column\" data-e-type=\"column\">\n\t\t\t<div class=\"elementor-widget-wrap elementor-element-populated\">\n\t\t\t\t\t\t<div class=\"elementor-element elementor-element-187f3a3 elementor-widget elementor-widget-heading\" data-id=\"187f3a3\" data-element_type=\"widget\" data-e-type=\"widget\" data-widget_type=\"heading.default\">\n\t\t\t\t<div class=\"elementor-widget-container\">\n\t\t\t\t\t<h2 class=\"elementor-heading-title elementor-size-default\"><a href=\"https:\/\/infy-assurance.fr\/?page_id=463\"><b>Cyber Assurance - Qu'est-ce que c'est ?<\/b><\/a><\/h2>\t\t\t\t<\/div>\n\t\t\t\t<\/div>\n\t\t\t\t<div class=\"elementor-element elementor-element-3b43835 elementor-widget elementor-widget-image\" data-id=\"3b43835\" data-element_type=\"widget\" data-e-type=\"widget\" data-widget_type=\"image.default\">\n\t\t\t\t<div class=\"elementor-widget-container\">\n\t\t\t\t\t\t\t\t\t\t\t\t\t\t\t\t<a href=\"https:\/\/infy-assurance.fr\/?page_id=463\">\n\t\t\t\t\t\t\t<img fetchpriority=\"high\" decoding=\"async\" width=\"212\" height=\"300\" src=\"https:\/\/infy-assurance.fr\/wp-content\/uploads\/2023\/09\/CYBER-PIRATE-212x300.jpg\" class=\"attachment-medium size-medium wp-image-977\" alt=\"\" srcset=\"https:\/\/infy-assurance.fr\/wp-content\/uploads\/2023\/09\/CYBER-PIRATE-212x300.jpg 212w, https:\/\/infy-assurance.fr\/wp-content\/uploads\/2023\/09\/CYBER-PIRATE-724x1024.jpg 724w, https:\/\/infy-assurance.fr\/wp-content\/uploads\/2023\/09\/CYBER-PIRATE-768x1086.jpg 768w, https:\/\/infy-assurance.fr\/wp-content\/uploads\/2023\/09\/CYBER-PIRATE-1086x1536.jpg 1086w, https:\/\/infy-assurance.fr\/wp-content\/uploads\/2023\/09\/CYBER-PIRATE.jpg 1280w\" sizes=\"(max-width: 212px) 100vw, 212px\" \/>\t\t\t\t\t\t\t\t<\/a>\n\t\t\t\t\t\t\t\t\t\t\t\t\t\t\t<\/div>\n\t\t\t\t<\/div>\n\t\t\t\t<div class=\"elementor-element elementor-element-2a521a4 elementor-widget elementor-widget-text-editor\" data-id=\"2a521a4\" data-element_type=\"widget\" data-e-type=\"widget\" data-widget_type=\"text-editor.default\">\n\t\t\t\t<div class=\"elementor-widget-container\">\n\t\t\t\t\t\t\t\t\tLes cyberattaques repr\u00e9sentent un co\u00fbt de 2 Milliards d&rsquo;euros en 2022 (selon une \u00e9tude du cabinet ASTERES), r\u00e9parti en 887 millions de co\u00fbt direct(perte de productivit\u00e9, hausse des co\u00fbts de production), 888 millions d&rsquo;euros de ran\u00e7ons et 7 millions d&rsquo;euros d&rsquo;heures de travail perdues.\n\nParmi les 347.000 cyberattaques r\u00e9ussies touchant des entreprises, 330.000 concernent des PME et 17.000 des moyennes et grandes entreprises. En outre 37.000 cyberattaques r\u00e9ussies ont vis\u00e9 des organisations publiques, soit 10% du total, calcule Aster\u00e8s.\n\nLe co\u00fbt direct moyen d&rsquo;une cyberattaque r\u00e9ussie en France est estim\u00e9 \u00e0 25.600 euros hors ran\u00e7on et 64.000 euros pour une grande entreprise. S&rsquo;y ajoute le co\u00fbt de la ran\u00e7on, d&rsquo;en moyenne 25.700 euros par attaque r\u00e9ussie.\t\t\t\t\t\t\t\t<\/div>\n\t\t\t\t<\/div>\n\t\t\t\t\t<\/div>\n\t\t<\/div>\n\t\t\t\t\t<\/div>\n\t\t<\/section>\n\t\t\t\t<section class=\"elementor-section elementor-top-section elementor-element elementor-element-55c7893 elementor-section-boxed elementor-section-height-default elementor-section-height-default\" data-id=\"55c7893\" data-element_type=\"section\" data-e-type=\"section\">\n\t\t\t\t\t\t<div class=\"elementor-container elementor-column-gap-default\">\n\t\t\t\t\t<div class=\"elementor-column elementor-col-100 elementor-top-column elementor-element elementor-element-4d69efb\" data-id=\"4d69efb\" data-element_type=\"column\" data-e-type=\"column\">\n\t\t\t<div class=\"elementor-widget-wrap elementor-element-populated\">\n\t\t\t\t\t\t<div class=\"elementor-element elementor-element-0d57421 elementor-widget elementor-widget-heading\" data-id=\"0d57421\" data-element_type=\"widget\" data-e-type=\"widget\" data-widget_type=\"heading.default\">\n\t\t\t\t<div class=\"elementor-widget-container\">\n\t\t\t\t\t<h2 class=\"elementor-heading-title elementor-size-default\"><a href=\"https:\/\/infy-assurance.fr\/?page_id=463\"><b>Cyber Assurance - Prix de l'assurance ?<\/b><\/a><\/h2>\t\t\t\t<\/div>\n\t\t\t\t<\/div>\n\t\t\t\t<div class=\"elementor-element elementor-element-c82be91 elementor-widget elementor-widget-image\" data-id=\"c82be91\" data-element_type=\"widget\" data-e-type=\"widget\" data-widget_type=\"image.default\">\n\t\t\t\t<div class=\"elementor-widget-container\">\n\t\t\t\t\t\t\t\t\t\t\t\t\t\t\t\t<a href=\"https:\/\/infy-assurance.fr\/?page_id=463\">\n\t\t\t\t\t\t\t<img decoding=\"async\" width=\"300\" height=\"174\" src=\"https:\/\/infy-assurance.fr\/wp-content\/uploads\/2023\/09\/investing-4013413_1280-300x174.jpg\" class=\"attachment-medium size-medium wp-image-995\" alt=\"\" srcset=\"https:\/\/infy-assurance.fr\/wp-content\/uploads\/2023\/09\/investing-4013413_1280-300x174.jpg 300w, https:\/\/infy-assurance.fr\/wp-content\/uploads\/2023\/09\/investing-4013413_1280-1024x594.jpg 1024w, https:\/\/infy-assurance.fr\/wp-content\/uploads\/2023\/09\/investing-4013413_1280-768x446.jpg 768w, https:\/\/infy-assurance.fr\/wp-content\/uploads\/2023\/09\/investing-4013413_1280.jpg 1280w\" sizes=\"(max-width: 300px) 100vw, 300px\" \/>\t\t\t\t\t\t\t\t<\/a>\n\t\t\t\t\t\t\t\t\t\t\t\t\t\t\t<\/div>\n\t\t\t\t<\/div>\n\t\t\t\t<div class=\"elementor-element elementor-element-d9118e3 elementor-widget elementor-widget-text-editor\" data-id=\"d9118e3\" data-element_type=\"widget\" data-e-type=\"widget\" data-widget_type=\"text-editor.default\">\n\t\t\t\t<div class=\"elementor-widget-container\">\n\t\t\t\t\t\t\t\t\t<p>La Cyber-Assurance se d\u00e9mocratise et de nombreux acteurs proposent des solutions abordables, Infy Assurance compare pour vous la meilleure offre.<br \/><span style=\"font-family: var( --e-global-typography-text-font-family ), Sans-serif; font-weight: var( --e-global-typography-text-font-weight );\">Les crit\u00e8res de tarification diff\u00e8rent selon l&rsquo;activit\u00e9 et le profil de l&rsquo;entreprise, son Chiffre d&rsquo;Affaires, le nombre d&#8217;employ\u00e9s, les options souscrites.<\/span><\/p>\t\t\t\t\t\t\t\t<\/div>\n\t\t\t\t<\/div>\n\t\t\t\t\t<\/div>\n\t\t<\/div>\n\t\t\t\t\t<\/div>\n\t\t<\/section>\n\t\t\t\t<section class=\"elementor-section elementor-top-section elementor-element elementor-element-0a8a022 elementor-section-boxed elementor-section-height-default elementor-section-height-default\" data-id=\"0a8a022\" data-element_type=\"section\" data-e-type=\"section\">\n\t\t\t\t\t\t<div class=\"elementor-container elementor-column-gap-default\">\n\t\t\t\t\t<div class=\"elementor-column elementor-col-100 elementor-top-column elementor-element elementor-element-d1e329b\" data-id=\"d1e329b\" data-element_type=\"column\" data-e-type=\"column\">\n\t\t\t<div class=\"elementor-widget-wrap elementor-element-populated\">\n\t\t\t\t\t\t<div class=\"elementor-element elementor-element-fe772d1 elementor-widget-divider--view-line elementor-widget elementor-widget-divider\" data-id=\"fe772d1\" data-element_type=\"widget\" data-e-type=\"widget\" data-widget_type=\"divider.default\">\n\t\t\t\t<div class=\"elementor-widget-container\">\n\t\t\t\t\t\t\t<div class=\"elementor-divider\">\n\t\t\t<span class=\"elementor-divider-separator\">\n\t\t\t\t\t\t<\/span>\n\t\t<\/div>\n\t\t\t\t\t\t<\/div>\n\t\t\t\t<\/div>\n\t\t\t\t<div class=\"elementor-element elementor-element-f312ae3 elementor-align-center elementor-widget elementor-widget-button\" data-id=\"f312ae3\" data-element_type=\"widget\" data-e-type=\"widget\" data-widget_type=\"button.default\">\n\t\t\t\t<div class=\"elementor-widget-container\">\n\t\t\t\t\t\t\t\t\t<div class=\"elementor-button-wrapper\">\n\t\t\t\t\t<a class=\"elementor-button elementor-button-link elementor-size-lg\" href=\"https:\/\/infy-assurance.fr\/?page_id=463\">\n\t\t\t\t\t\t<span class=\"elementor-button-content-wrapper\">\n\t\t\t\t\t\t\t\t\t<span class=\"elementor-button-text\">Votre devis ICI<\/span>\n\t\t\t\t\t<\/span>\n\t\t\t\t\t<\/a>\n\t\t\t\t<\/div>\n\t\t\t\t\t\t\t\t<\/div>\n\t\t\t\t<\/div>\n\t\t\t\t<div class=\"elementor-element elementor-element-47d900c elementor-widget-divider--view-line elementor-widget elementor-widget-divider\" data-id=\"47d900c\" data-element_type=\"widget\" data-e-type=\"widget\" data-widget_type=\"divider.default\">\n\t\t\t\t<div class=\"elementor-widget-container\">\n\t\t\t\t\t\t\t<div class=\"elementor-divider\">\n\t\t\t<span class=\"elementor-divider-separator\">\n\t\t\t\t\t\t<\/span>\n\t\t<\/div>\n\t\t\t\t\t\t<\/div>\n\t\t\t\t<\/div>\n\t\t\t\t\t<\/div>\n\t\t<\/div>\n\t\t\t\t\t<\/div>\n\t\t<\/section>\n\t\t\t\t<\/div>\n\t\t","protected":false},"excerpt":{"rendered":"<p>Cyber Assurance &#8211; Qu&rsquo;est-ce que c&rsquo;est ? Les cyberattaques repr\u00e9sentent un co\u00fbt de 2 Milliards d&rsquo;euros en 2022 (selon une [&hellip;]<\/p>\n","protected":false},"author":1,"featured_media":0,"parent":0,"menu_order":0,"comment_status":"closed","ping_status":"closed","template":"template-full-width.php","meta":{"footnotes":""},"class_list":["post-974","page","type-page","status-publish","hentry"],"yoast_head":"<!-- This site is optimized with the Yoast SEO plugin v27.1.1 - https:\/\/yoast.com\/product\/yoast-seo-wordpress\/ -->\n<title>CYBER - Infy Assurance<\/title>\n<meta name=\"robots\" content=\"index, follow, max-snippet:-1, max-image-preview:large, max-video-preview:-1\" \/>\n<link rel=\"canonical\" href=\"https:\/\/infy-assurance.fr\/?page_id=974\" \/>\n<meta property=\"og:locale\" content=\"fr_FR\" \/>\n<meta property=\"og:type\" content=\"article\" \/>\n<meta property=\"og:title\" content=\"CYBER - Infy Assurance\" \/>\n<meta property=\"og:description\" content=\"Cyber Assurance &#8211; Qu&rsquo;est-ce que c&rsquo;est ? Les cyberattaques repr\u00e9sentent un co\u00fbt de 2 Milliards d&rsquo;euros en 2022 (selon une [&hellip;]\" \/>\n<meta property=\"og:url\" content=\"https:\/\/infy-assurance.fr\/?page_id=974\" \/>\n<meta property=\"og:site_name\" content=\"Infy Assurance\" \/>\n<meta property=\"article:publisher\" content=\"https:\/\/www.facebook.com\/infyassurance\" \/>\n<meta property=\"article:modified_time\" content=\"2023-09-29T14:39:16+00:00\" \/>\n<meta property=\"og:image\" content=\"https:\/\/infy-assurance.fr\/wp-content\/uploads\/2023\/09\/CYBER-PIRATE-212x300.jpg\" \/>\n<meta name=\"twitter:card\" content=\"summary_large_image\" \/>\n<meta name=\"twitter:label1\" content=\"Dur\u00e9e de lecture estim\u00e9e\" \/>\n\t<meta name=\"twitter:data1\" content=\"2 minutes\" \/>\n<script type=\"application\/ld+json\" class=\"yoast-schema-graph\">{\"@context\":\"https:\/\/schema.org\",\"@graph\":[{\"@type\":\"WebPage\",\"@id\":\"https:\/\/infy-assurance.fr\/?page_id=974\",\"url\":\"https:\/\/infy-assurance.fr\/?page_id=974\",\"name\":\"CYBER - Infy Assurance\",\"isPartOf\":{\"@id\":\"https:\/\/infy-assurance.fr\/#website\"},\"primaryImageOfPage\":{\"@id\":\"https:\/\/infy-assurance.fr\/?page_id=974#primaryimage\"},\"image\":{\"@id\":\"https:\/\/infy-assurance.fr\/?page_id=974#primaryimage\"},\"thumbnailUrl\":\"https:\/\/infy-assurance.fr\/wp-content\/uploads\/2023\/09\/CYBER-PIRATE-212x300.jpg\",\"datePublished\":\"2023-09-19T12:13:40+00:00\",\"dateModified\":\"2023-09-29T14:39:16+00:00\",\"breadcrumb\":{\"@id\":\"https:\/\/infy-assurance.fr\/?page_id=974#breadcrumb\"},\"inLanguage\":\"fr-FR\",\"potentialAction\":[{\"@type\":\"ReadAction\",\"target\":[\"https:\/\/infy-assurance.fr\/?page_id=974\"]}]},{\"@type\":\"ImageObject\",\"inLanguage\":\"fr-FR\",\"@id\":\"https:\/\/infy-assurance.fr\/?page_id=974#primaryimage\",\"url\":\"https:\/\/infy-assurance.fr\/wp-content\/uploads\/2023\/09\/CYBER-PIRATE.jpg\",\"contentUrl\":\"https:\/\/infy-assurance.fr\/wp-content\/uploads\/2023\/09\/CYBER-PIRATE.jpg\",\"width\":1280,\"height\":1810},{\"@type\":\"BreadcrumbList\",\"@id\":\"https:\/\/infy-assurance.fr\/?page_id=974#breadcrumb\",\"itemListElement\":[{\"@type\":\"ListItem\",\"position\":1,\"name\":\"Accueil\",\"item\":\"https:\/\/infy-assurance.fr\/\"},{\"@type\":\"ListItem\",\"position\":2,\"name\":\"CYBER\"}]},{\"@type\":\"WebSite\",\"@id\":\"https:\/\/infy-assurance.fr\/#website\",\"url\":\"https:\/\/infy-assurance.fr\/\",\"name\":\"Infy Assurance\",\"description\":\"L&#039;assurance de vos projets\",\"publisher\":{\"@id\":\"https:\/\/infy-assurance.fr\/#organization\"},\"potentialAction\":[{\"@type\":\"SearchAction\",\"target\":{\"@type\":\"EntryPoint\",\"urlTemplate\":\"https:\/\/infy-assurance.fr\/?s={search_term_string}\"},\"query-input\":{\"@type\":\"PropertyValueSpecification\",\"valueRequired\":true,\"valueName\":\"search_term_string\"}}],\"inLanguage\":\"fr-FR\"},{\"@type\":\"Organization\",\"@id\":\"https:\/\/infy-assurance.fr\/#organization\",\"name\":\"Infy Assurance\",\"url\":\"https:\/\/infy-assurance.fr\/\",\"logo\":{\"@type\":\"ImageObject\",\"inLanguage\":\"fr-FR\",\"@id\":\"https:\/\/infy-assurance.fr\/#\/schema\/logo\/image\/\",\"url\":\"https:\/\/infy-assurance.fr\/wp-content\/uploads\/2020\/11\/logo-infy-reduit-3.png\",\"contentUrl\":\"https:\/\/infy-assurance.fr\/wp-content\/uploads\/2020\/11\/logo-infy-reduit-3.png\",\"width\":100,\"height\":130,\"caption\":\"Infy Assurance\"},\"image\":{\"@id\":\"https:\/\/infy-assurance.fr\/#\/schema\/logo\/image\/\"},\"sameAs\":[\"https:\/\/www.facebook.com\/infyassurance\"]}]}<\/script>\n<!-- \/ Yoast SEO plugin. -->","yoast_head_json":{"title":"CYBER - Infy Assurance","robots":{"index":"index","follow":"follow","max-snippet":"max-snippet:-1","max-image-preview":"max-image-preview:large","max-video-preview":"max-video-preview:-1"},"canonical":"https:\/\/infy-assurance.fr\/?page_id=974","og_locale":"fr_FR","og_type":"article","og_title":"CYBER - Infy Assurance","og_description":"Cyber Assurance &#8211; Qu&rsquo;est-ce que c&rsquo;est ? Les cyberattaques repr\u00e9sentent un co\u00fbt de 2 Milliards d&rsquo;euros en 2022 (selon une [&hellip;]","og_url":"https:\/\/infy-assurance.fr\/?page_id=974","og_site_name":"Infy Assurance","article_publisher":"https:\/\/www.facebook.com\/infyassurance","article_modified_time":"2023-09-29T14:39:16+00:00","og_image":[{"url":"https:\/\/infy-assurance.fr\/wp-content\/uploads\/2023\/09\/CYBER-PIRATE-212x300.jpg","type":"","width":"","height":""}],"twitter_card":"summary_large_image","twitter_misc":{"Dur\u00e9e de lecture estim\u00e9e":"2 minutes"},"schema":{"@context":"https:\/\/schema.org","@graph":[{"@type":"WebPage","@id":"https:\/\/infy-assurance.fr\/?page_id=974","url":"https:\/\/infy-assurance.fr\/?page_id=974","name":"CYBER - Infy Assurance","isPartOf":{"@id":"https:\/\/infy-assurance.fr\/#website"},"primaryImageOfPage":{"@id":"https:\/\/infy-assurance.fr\/?page_id=974#primaryimage"},"image":{"@id":"https:\/\/infy-assurance.fr\/?page_id=974#primaryimage"},"thumbnailUrl":"https:\/\/infy-assurance.fr\/wp-content\/uploads\/2023\/09\/CYBER-PIRATE-212x300.jpg","datePublished":"2023-09-19T12:13:40+00:00","dateModified":"2023-09-29T14:39:16+00:00","breadcrumb":{"@id":"https:\/\/infy-assurance.fr\/?page_id=974#breadcrumb"},"inLanguage":"fr-FR","potentialAction":[{"@type":"ReadAction","target":["https:\/\/infy-assurance.fr\/?page_id=974"]}]},{"@type":"ImageObject","inLanguage":"fr-FR","@id":"https:\/\/infy-assurance.fr\/?page_id=974#primaryimage","url":"https:\/\/infy-assurance.fr\/wp-content\/uploads\/2023\/09\/CYBER-PIRATE.jpg","contentUrl":"https:\/\/infy-assurance.fr\/wp-content\/uploads\/2023\/09\/CYBER-PIRATE.jpg","width":1280,"height":1810},{"@type":"BreadcrumbList","@id":"https:\/\/infy-assurance.fr\/?page_id=974#breadcrumb","itemListElement":[{"@type":"ListItem","position":1,"name":"Accueil","item":"https:\/\/infy-assurance.fr\/"},{"@type":"ListItem","position":2,"name":"CYBER"}]},{"@type":"WebSite","@id":"https:\/\/infy-assurance.fr\/#website","url":"https:\/\/infy-assurance.fr\/","name":"Infy Assurance","description":"L&#039;assurance de vos projets","publisher":{"@id":"https:\/\/infy-assurance.fr\/#organization"},"potentialAction":[{"@type":"SearchAction","target":{"@type":"EntryPoint","urlTemplate":"https:\/\/infy-assurance.fr\/?s={search_term_string}"},"query-input":{"@type":"PropertyValueSpecification","valueRequired":true,"valueName":"search_term_string"}}],"inLanguage":"fr-FR"},{"@type":"Organization","@id":"https:\/\/infy-assurance.fr\/#organization","name":"Infy Assurance","url":"https:\/\/infy-assurance.fr\/","logo":{"@type":"ImageObject","inLanguage":"fr-FR","@id":"https:\/\/infy-assurance.fr\/#\/schema\/logo\/image\/","url":"https:\/\/infy-assurance.fr\/wp-content\/uploads\/2020\/11\/logo-infy-reduit-3.png","contentUrl":"https:\/\/infy-assurance.fr\/wp-content\/uploads\/2020\/11\/logo-infy-reduit-3.png","width":100,"height":130,"caption":"Infy Assurance"},"image":{"@id":"https:\/\/infy-assurance.fr\/#\/schema\/logo\/image\/"},"sameAs":["https:\/\/www.facebook.com\/infyassurance"]}]}},"_links":{"self":[{"href":"https:\/\/infy-assurance.fr\/index.php?rest_route=\/wp\/v2\/pages\/974","targetHints":{"allow":["GET"]}}],"collection":[{"href":"https:\/\/infy-assurance.fr\/index.php?rest_route=\/wp\/v2\/pages"}],"about":[{"href":"https:\/\/infy-assurance.fr\/index.php?rest_route=\/wp\/v2\/types\/page"}],"author":[{"embeddable":true,"href":"https:\/\/infy-assurance.fr\/index.php?rest_route=\/wp\/v2\/users\/1"}],"replies":[{"embeddable":true,"href":"https:\/\/infy-assurance.fr\/index.php?rest_route=%2Fwp%2Fv2%2Fcomments&post=974"}],"version-history":[{"count":29,"href":"https:\/\/infy-assurance.fr\/index.php?rest_route=\/wp\/v2\/pages\/974\/revisions"}],"predecessor-version":[{"id":1013,"href":"https:\/\/infy-assurance.fr\/index.php?rest_route=\/wp\/v2\/pages\/974\/revisions\/1013"}],"wp:attachment":[{"href":"https:\/\/infy-assurance.fr\/index.php?rest_route=%2Fwp%2Fv2%2Fmedia&parent=974"}],"curies":[{"name":"wp","href":"https:\/\/api.w.org\/{rel}","templated":true}]}}